{"id":678,"date":"2025-08-21T08:14:36","date_gmt":"2025-08-21T08:14:36","guid":{"rendered":"https:\/\/luckypops.com\/?page_id=678"},"modified":"2025-12-11T10:43:30","modified_gmt":"2025-12-11T10:43:30","slug":"ontdek","status":"publish","type":"page","link":"https:\/\/luckypops.com\/fr\/ontdek\/","title":{"rendered":"D\u00e9couvrir"},"content":{"rendered":"\t\t<div data-elementor-type=\"wp-page\" data-elementor-id=\"678\" class=\"elementor elementor-678 elementor-441\" data-elementor-post-type=\"page\">\n\t\t\t\t<div class=\"elementor-element elementor-element-d98430f e-flex e-con-boxed e-con e-parent\" data-id=\"d98430f\" data-element_type=\"container\" data-e-type=\"container\">\n\t\t\t\t\t<div class=\"e-con-inner\">\n\t\t<div class=\"elementor-element elementor-element-a38aa4a e-con-full e-flex e-con e-child\" data-id=\"a38aa4a\" data-element_type=\"container\" data-e-type=\"container\">\n\t\t\t\t<div class=\"elementor-element elementor-element-88a21dd elementor-widget elementor-widget-image\" data-id=\"88a21dd\" data-element_type=\"widget\" data-e-type=\"widget\" data-widget_type=\"image.default\">\n\t\t\t\t<div class=\"elementor-widget-container\">\n\t\t\t\t\t\t\t\t\t\t\t\t\t\t\t<img fetchpriority=\"high\" decoding=\"async\" width=\"800\" height=\"800\" src=\"https:\/\/luckypops.com\/wp-content\/uploads\/2025\/07\/POSE_04_EDIT-1024x1024.png\" class=\"attachment-large size-large wp-image-446\" alt=\"\" srcset=\"https:\/\/luckypops.com\/wp-content\/uploads\/2025\/07\/POSE_04_EDIT-1024x1024.png 1024w, https:\/\/luckypops.com\/wp-content\/uploads\/2025\/07\/POSE_04_EDIT-300x300.png 300w, https:\/\/luckypops.com\/wp-content\/uploads\/2025\/07\/POSE_04_EDIT-150x150.png 150w, https:\/\/luckypops.com\/wp-content\/uploads\/2025\/07\/POSE_04_EDIT-768x768.png 768w, https:\/\/luckypops.com\/wp-content\/uploads\/2025\/07\/POSE_04_EDIT.png 1440w\" sizes=\"(max-width: 800px) 100vw, 800px\" \/>\t\t\t\t\t\t\t\t\t\t\t\t\t\t\t<\/div>\n\t\t\t\t<\/div>\n\t\t\t\t<\/div>\n\t\t<div class=\"elementor-element elementor-element-6502f23 e-con-full e-flex e-con e-child\" data-id=\"6502f23\" data-element_type=\"container\" data-e-type=\"container\">\n\t\t<div class=\"elementor-element elementor-element-7f08bf7 e-con-full e-flex e-con e-child\" data-id=\"7f08bf7\" data-element_type=\"container\" data-e-type=\"container\">\n\t\t\t\t<div class=\"elementor-element elementor-element-59d3f91 elementor-widget elementor-widget-text-editor\" data-id=\"59d3f91\" data-element_type=\"widget\" data-e-type=\"widget\" data-widget_type=\"text-editor.default\">\n\t\t\t\t<div class=\"elementor-widget-container\">\n\t\t\t\t\t\t\t\t\t<h2>Trouve ton bonheur avec Lucky Pops<\/h2><p><b>Salut\u2009! Moi, c\u2019est Lucky, <\/b><span style=\"font-weight: 400;\">et j\u2019ai un grand c\u0153ur\u2026 rempli de d\u00e9licieux chocolat\u2009! Mais j\u2019ai surtout une mission tr\u00e8s sp\u00e9ciale : faire circuler le bonheur\u2009! Parce que souvent, ce sont les petites choses qui rendent vraiment heureux \u2014 comme partager une sucette en chocolat Lucky Pop avec les gens que tu aimes.<\/span><\/p><p><b>Psst\u2026 chaque Lucky Pop est une surprise.<\/b><span style=\"font-weight: 400;\"> Pas seulement parce qu\u2019elle est trop bonne (miam, le bon chocolat belge\u2009!), mais aussi parce que tu ne sais jamais \u00e0 l\u2019avance quel symbole se cache sur ta figurine en chocolat.<\/span><\/p>\t\t\t\t\t\t\t\t<\/div>\n\t\t\t\t<\/div>\n\t\t\t\t<\/div>\n\t\t\t\t<\/div>\n\t\t\t\t\t<\/div>\n\t\t\t\t<\/div>\n\t\t<div class=\"elementor-element elementor-element-045b35e e-con-full e-flex e-con e-parent\" data-id=\"045b35e\" data-element_type=\"container\" data-e-type=\"container\" data-settings=\"{&quot;background_background&quot;:&quot;classic&quot;}\">\n\t\t\t\t<div class=\"elementor-element elementor-element-4aafe46 elementor-widget elementor-widget-heading\" data-id=\"4aafe46\" data-element_type=\"widget\" data-e-type=\"widget\" data-widget_type=\"heading.default\">\n\t\t\t\t<div class=\"elementor-widget-container\">\n\t\t\t\t\t<h2 class=\"elementor-heading-title elementor-size-default\">Quel bonheur t\u2019attend aujourd\u2019hui\u2009?<\/h2>\t\t\t\t<\/div>\n\t\t\t\t<\/div>\n\t\t\t\t<\/div>\n\t\t<div class=\"elementor-element elementor-element-69d5f0c e-flex e-con-boxed e-con e-parent\" data-id=\"69d5f0c\" data-element_type=\"container\" data-e-type=\"container\" data-settings=\"{&quot;background_background&quot;:&quot;classic&quot;}\">\n\t\t\t\t\t<div class=\"e-con-inner\">\n\t\t\t\t<div class=\"elementor-element elementor-element-5129b97 elementor-widget elementor-widget-text-editor\" data-id=\"5129b97\" data-element_type=\"widget\" data-e-type=\"widget\" data-widget_type=\"text-editor.default\">\n\t\t\t\t<div class=\"elementor-widget-container\">\n\t\t\t\t\t\t\t\t\t<p><span style=\"font-weight: 400;\">Savais-tu que ta Lucky Pop est bien plus qu\u2019un plaisir gourmand\u2009? C\u2019est une petite histoire de bonheur, qui commence avec un enfant \u2014 comme toi\u2009! \u2014 et qui se propage de plus en plus loin. En cr\u00e9ant du lien, on fait circuler la joie. La preuve\u2009? Cette \u00e9tincelle qui brille dans tes yeux\u2009!<\/span><\/p><p><span style=\"font-weight: 400;\">Tu as rep\u00e9r\u00e9 le petit symbole sur ta Lucky Pop\u2009? Chaque symbole \u2014 le c\u0153ur, le tr\u00e8fle ou l\u2019\u00e9toile \u2014 a une signification particuli\u00e8re. <\/span><b>Et le tien, que veut-il dire\u2009?<\/b><\/p>\t\t\t\t\t\t\t\t<\/div>\n\t\t\t\t<\/div>\n\t\t\t\t\t<\/div>\n\t\t\t\t<\/div>\n\t\t<div class=\"elementor-element elementor-element-8e2fa8e e-flex e-con-boxed e-con e-parent\" data-id=\"8e2fa8e\" data-element_type=\"container\" data-e-type=\"container\">\n\t\t\t\t\t<div class=\"e-con-inner\">\n\t\t<div class=\"elementor-element elementor-element-af534fb e-con-full e-flex e-con e-child\" data-id=\"af534fb\" data-element_type=\"container\" data-e-type=\"container\">\n\t\t\t\t<div class=\"elementor-element elementor-element-c998eda elementor-widget elementor-widget-image\" data-id=\"c998eda\" data-element_type=\"widget\" data-e-type=\"widget\" data-widget_type=\"image.default\">\n\t\t\t\t<div class=\"elementor-widget-container\">\n\t\t\t\t\t\t\t\t\t\t\t\t\t\t\t<img decoding=\"async\" width=\"300\" height=\"300\" src=\"https:\/\/luckypops.com\/wp-content\/uploads\/2025\/07\/Symbolen-LP_Klavertje-300x300.png\" class=\"attachment-medium size-medium wp-image-476\" alt=\"\" srcset=\"https:\/\/luckypops.com\/wp-content\/uploads\/2025\/07\/Symbolen-LP_Klavertje-300x300.png 300w, https:\/\/luckypops.com\/wp-content\/uploads\/2025\/07\/Symbolen-LP_Klavertje-1024x1024.png 1024w, https:\/\/luckypops.com\/wp-content\/uploads\/2025\/07\/Symbolen-LP_Klavertje-150x150.png 150w, https:\/\/luckypops.com\/wp-content\/uploads\/2025\/07\/Symbolen-LP_Klavertje-768x768.png 768w, https:\/\/luckypops.com\/wp-content\/uploads\/2025\/07\/Symbolen-LP_Klavertje-1536x1536.png 1536w, https:\/\/luckypops.com\/wp-content\/uploads\/2025\/07\/Symbolen-LP_Klavertje-2048x2048.png 2048w\" sizes=\"(max-width: 300px) 100vw, 300px\" \/>\t\t\t\t\t\t\t\t\t\t\t\t\t\t\t<\/div>\n\t\t\t\t<\/div>\n\t\t\t\t<div class=\"elementor-element elementor-element-1b6316a elementor-widget elementor-widget-text-editor\" data-id=\"1b6316a\" data-element_type=\"widget\" data-e-type=\"widget\" data-widget_type=\"text-editor.default\">\n\t\t\t\t<div class=\"elementor-widget-container\">\n\t\t\t\t\t\t\t\t\t<h3><b>Un tr\u00e8fle\u2009! Le bonheur est en toi<\/b><\/h3><p><span data-contrast=\"auto\"><span style=\"font-weight: 400;\">Ton bonheur, il est d\u00e9j\u00e0 l\u00e0 : dans ton imagination, dans un coloriage, entre les pages d\u2019un super livre\u2026 ou dans une Lucky Pop que tu manges tout seul, comme un grand\u2009!<\/span> <\/span><span data-ccp-props=\"{}\">\u00a0<\/span><\/p>\t\t\t\t\t\t\t\t<\/div>\n\t\t\t\t<\/div>\n\t\t\t\t<\/div>\n\t\t<div class=\"elementor-element elementor-element-752bdca e-con-full e-flex e-con e-child\" data-id=\"752bdca\" data-element_type=\"container\" data-e-type=\"container\">\n\t\t\t\t<div class=\"elementor-element elementor-element-52f07bf elementor-widget elementor-widget-image\" data-id=\"52f07bf\" data-element_type=\"widget\" data-e-type=\"widget\" data-widget_type=\"image.default\">\n\t\t\t\t<div class=\"elementor-widget-container\">\n\t\t\t\t\t\t\t\t\t\t\t\t\t\t\t<img decoding=\"async\" width=\"300\" height=\"300\" src=\"https:\/\/luckypops.com\/wp-content\/uploads\/2025\/07\/Symbolen-LP_Hartje-300x300.png\" class=\"attachment-medium size-medium wp-image-478\" alt=\"\" srcset=\"https:\/\/luckypops.com\/wp-content\/uploads\/2025\/07\/Symbolen-LP_Hartje-300x300.png 300w, https:\/\/luckypops.com\/wp-content\/uploads\/2025\/07\/Symbolen-LP_Hartje-1024x1024.png 1024w, https:\/\/luckypops.com\/wp-content\/uploads\/2025\/07\/Symbolen-LP_Hartje-150x150.png 150w, https:\/\/luckypops.com\/wp-content\/uploads\/2025\/07\/Symbolen-LP_Hartje-768x768.png 768w, https:\/\/luckypops.com\/wp-content\/uploads\/2025\/07\/Symbolen-LP_Hartje-1536x1536.png 1536w, https:\/\/luckypops.com\/wp-content\/uploads\/2025\/07\/Symbolen-LP_Hartje-2048x2048.png 2048w\" sizes=\"(max-width: 300px) 100vw, 300px\" \/>\t\t\t\t\t\t\t\t\t\t\t\t\t\t\t<\/div>\n\t\t\t\t<\/div>\n\t\t\t\t<div class=\"elementor-element elementor-element-25dde84 elementor-widget elementor-widget-text-editor\" data-id=\"25dde84\" data-element_type=\"widget\" data-e-type=\"widget\" data-widget_type=\"text-editor.default\">\n\t\t\t\t<div class=\"elementor-widget-container\">\n\t\t\t\t\t\t\t\t\t<h3><b>Un c\u0153ur\u2009! Le bonheur grandit quand on le partage<\/b><\/h3><p><span data-ccp-props=\"{}\"><span style=\"font-weight: 400;\">Le bonheur, c\u2019est encore plus chouette quand on le partage avec ceux qu\u2019on aime : ton ou ta meilleur(e) ami(e), ta mamie, ton prof\u2026 \u00c7a peut \u00eatre une carte, un gros c\u00e2lin ou une Lucky Pop que vous savourez \u00e0 deux\u2009!<\/span> <\/span><\/p>\t\t\t\t\t\t\t\t<\/div>\n\t\t\t\t<\/div>\n\t\t\t\t<\/div>\n\t\t<div class=\"elementor-element elementor-element-1c5d878 e-con-full e-flex e-con e-child\" data-id=\"1c5d878\" data-element_type=\"container\" data-e-type=\"container\">\n\t\t\t\t<div class=\"elementor-element elementor-element-9972f3f elementor-widget elementor-widget-image\" data-id=\"9972f3f\" data-element_type=\"widget\" data-e-type=\"widget\" data-widget_type=\"image.default\">\n\t\t\t\t<div class=\"elementor-widget-container\">\n\t\t\t\t\t\t\t\t\t\t\t\t\t\t\t<img loading=\"lazy\" decoding=\"async\" width=\"300\" height=\"300\" src=\"https:\/\/luckypops.com\/wp-content\/uploads\/2025\/07\/Symbolen-LP_Sterretje-300x300.png\" class=\"attachment-medium size-medium wp-image-474\" alt=\"\" srcset=\"https:\/\/luckypops.com\/wp-content\/uploads\/2025\/07\/Symbolen-LP_Sterretje-300x300.png 300w, https:\/\/luckypops.com\/wp-content\/uploads\/2025\/07\/Symbolen-LP_Sterretje-1024x1024.png 1024w, https:\/\/luckypops.com\/wp-content\/uploads\/2025\/07\/Symbolen-LP_Sterretje-150x150.png 150w, https:\/\/luckypops.com\/wp-content\/uploads\/2025\/07\/Symbolen-LP_Sterretje-768x768.png 768w, https:\/\/luckypops.com\/wp-content\/uploads\/2025\/07\/Symbolen-LP_Sterretje-1536x1536.png 1536w, https:\/\/luckypops.com\/wp-content\/uploads\/2025\/07\/Symbolen-LP_Sterretje-2048x2048.png 2048w\" sizes=\"(max-width: 300px) 100vw, 300px\" \/>\t\t\t\t\t\t\t\t\t\t\t\t\t\t\t<\/div>\n\t\t\t\t<\/div>\n\t\t\t\t<div class=\"elementor-element elementor-element-9f1e653 elementor-widget elementor-widget-text-editor\" data-id=\"9f1e653\" data-element_type=\"widget\" data-e-type=\"widget\" data-widget_type=\"text-editor.default\">\n\t\t\t\t<div class=\"elementor-widget-container\">\n\t\t\t\t\t\t\t\t\t<h3><b>Une \u00e9toile\u2009! Le bonheur fait le tour du monde<\/b><\/h3><p><span data-contrast=\"auto\"><span style=\"font-weight: 400;\">Parfois, on offre un sourire \u00e0 quelqu\u2019un qu\u2019on ne conna\u00eet pas, et c\u2019est \u00e7a, la magie\u2009! Une Lucky Pop avec une \u00e9toile te rappelle que tu peux partager ton bonheur avec le monde entier, et qu\u2019il peut aussi aider les autres \u00e0 sourire.<\/span> <\/span><span data-ccp-props=\"{}\">\u00a0<\/span><\/p>\t\t\t\t\t\t\t\t<\/div>\n\t\t\t\t<\/div>\n\t\t\t\t<\/div>\n\t\t\t\t\t<\/div>\n\t\t\t\t<\/div>\n\t\t<div class=\"elementor-element elementor-element-e43d899 e-flex e-con-boxed e-con e-parent\" data-id=\"e43d899\" data-element_type=\"container\" data-e-type=\"container\">\n\t\t\t\t\t<div class=\"e-con-inner\">\n\t\t<div class=\"elementor-element elementor-element-f091e7b e-con-full e-flex e-con e-child\" data-id=\"f091e7b\" data-element_type=\"container\" data-e-type=\"container\">\n\t\t\t\t<div class=\"elementor-element elementor-element-13bd299 elementor-widget elementor-widget-image\" data-id=\"13bd299\" data-element_type=\"widget\" data-e-type=\"widget\" data-widget_type=\"image.default\">\n\t\t\t\t<div class=\"elementor-widget-container\">\n\t\t\t\t\t\t\t\t\t\t\t\t\t\t\t<img loading=\"lazy\" decoding=\"async\" width=\"800\" height=\"800\" src=\"https:\/\/luckypops.com\/wp-content\/uploads\/2025\/07\/POSE_17_EDIT-1024x1024.png\" class=\"attachment-large size-large wp-image-451\" alt=\"\" srcset=\"https:\/\/luckypops.com\/wp-content\/uploads\/2025\/07\/POSE_17_EDIT-1024x1024.png 1024w, https:\/\/luckypops.com\/wp-content\/uploads\/2025\/07\/POSE_17_EDIT-300x300.png 300w, https:\/\/luckypops.com\/wp-content\/uploads\/2025\/07\/POSE_17_EDIT-150x150.png 150w, https:\/\/luckypops.com\/wp-content\/uploads\/2025\/07\/POSE_17_EDIT-768x768.png 768w, https:\/\/luckypops.com\/wp-content\/uploads\/2025\/07\/POSE_17_EDIT.png 1440w\" sizes=\"(max-width: 800px) 100vw, 800px\" \/>\t\t\t\t\t\t\t\t\t\t\t\t\t\t\t<\/div>\n\t\t\t\t<\/div>\n\t\t\t\t<\/div>\n\t\t<div class=\"elementor-element elementor-element-316f624 e-con-full e-flex e-con e-child\" data-id=\"316f624\" data-element_type=\"container\" data-e-type=\"container\">\n\t\t<div class=\"elementor-element elementor-element-7106716 e-con-full e-flex e-con e-child\" data-id=\"7106716\" data-element_type=\"container\" data-e-type=\"container\">\n\t\t\t\t<div class=\"elementor-element elementor-element-aec981f elementor-widget elementor-widget-text-editor\" data-id=\"aec981f\" data-element_type=\"widget\" data-e-type=\"widget\" data-widget_type=\"text-editor.default\">\n\t\t\t\t<div class=\"elementor-widget-container\">\n\t\t\t\t\t\t\t\t\t<h3 aria-level=\"1\">Un plaisir durable\u2026 pour faire durer le plaisir\u2009!<\/h3><p><span style=\"font-weight: 400;\">Chez Lucky Pops, on prend soin de la plan\u00e8te et des personnes qui cultivent notre cacao. Notre projet \u00ab\u2009The Lucky Foundation\u2009\u00bb soutient 175 producteurs de cacao et leurs enfants en C\u00f4te d\u2019Ivoire. Ils gagnent ainsi mieux leur vie et peuvent vivre dans de meilleures conditions. Parce que pour nous, les vrais moments de bonheur commencent par un chocolat fabriqu\u00e9 avec amour et respect \u2014 du producteur\u2026 jusqu\u2019\u00e0 ta Lucky Pop\u2009!<\/span><\/p>\t\t\t\t\t\t\t\t<\/div>\n\t\t\t\t<\/div>\n\t\t\t\t<\/div>\n\t\t<div class=\"elementor-element elementor-element-b3392fe e-con-full e-flex e-con e-child\" data-id=\"b3392fe\" data-element_type=\"container\" data-e-type=\"container\">\n\t\t\t\t<div class=\"elementor-element elementor-element-192614a elementor-mobile-align-center elementor-widget elementor-widget-button\" data-id=\"192614a\" data-element_type=\"widget\" data-e-type=\"widget\" data-widget_type=\"button.default\">\n\t\t\t\t<div class=\"elementor-widget-container\">\n\t\t\t\t\t\t\t\t\t<div class=\"elementor-button-wrapper\">\n\t\t\t\t\t<a class=\"elementor-button elementor-button-link elementor-size-sm\" href=\"#\">\n\t\t\t\t\t\t<span class=\"elementor-button-content-wrapper\">\n\t\t\t\t\t\t\t\t\t<span class=\"elementor-button-text\">Apprends-en plus sur notre Lucky Foundation<\/span>\n\t\t\t\t\t<\/span>\n\t\t\t\t\t<\/a>\n\t\t\t\t<\/div>\n\t\t\t\t\t\t\t\t<\/div>\n\t\t\t\t<\/div>\n\t\t\t\t<\/div>\n\t\t\t\t<\/div>\n\t\t\t\t\t<\/div>\n\t\t\t\t<\/div>\n\t\t\t\t<\/div>\n\t\t","protected":false},"excerpt":{"rendered":"<p>Trouve ton bonheur avec Lucky Pops Salut\u2009! Moi, c\u2019est Lucky, et j\u2019ai un grand c\u0153ur\u2026 rempli de d\u00e9licieux chocolat\u2009! Mais j\u2019ai surtout une mission tr\u00e8s sp\u00e9ciale : faire circuler le bonheur\u2009! Parce que souvent, ce sont les petites choses qui rendent vraiment heureux \u2014 comme partager une sucette en chocolat Lucky Pop avec les gens [&hellip;]<\/p>\n","protected":false},"author":6,"featured_media":0,"parent":0,"menu_order":0,"comment_status":"closed","ping_status":"closed","template":"","meta":{"_acf_changed":false,"footnotes":""},"class_list":["post-678","page","type-page","status-publish","hentry"],"acf":[],"yoast_head":"<!-- This site is optimized with the Yoast SEO plugin v27.0 - https:\/\/yoast.com\/product\/yoast-seo-wordpress\/ -->\n<title>D\u00e9couvrir - Lucky Pops<\/title>\n<meta name=\"robots\" content=\"index, follow, max-snippet:-1, max-image-preview:large, max-video-preview:-1\" \/>\n<link rel=\"canonical\" href=\"https:\/\/luckypops.com\/fr\/ontdek\/\" \/>\n<meta property=\"og:locale\" content=\"fr_FR\" \/>\n<meta property=\"og:type\" content=\"article\" \/>\n<meta property=\"og:title\" content=\"D\u00e9couvrir - Lucky Pops\" \/>\n<meta property=\"og:description\" content=\"Trouve ton bonheur avec Lucky Pops Salut\u2009! Moi, c\u2019est Lucky, et j\u2019ai un grand c\u0153ur\u2026 rempli de d\u00e9licieux chocolat\u2009! Mais j\u2019ai surtout une mission tr\u00e8s sp\u00e9ciale : faire circuler le bonheur\u2009! Parce que souvent, ce sont les petites choses qui rendent vraiment heureux \u2014 comme partager une sucette en chocolat Lucky Pop avec les gens [&hellip;]\" \/>\n<meta property=\"og:url\" content=\"https:\/\/luckypops.com\/fr\/ontdek\/\" \/>\n<meta property=\"og:site_name\" content=\"Lucky Pops\" \/>\n<meta property=\"article:modified_time\" content=\"2025-12-11T10:43:30+00:00\" \/>\n<meta property=\"og:image\" content=\"https:\/\/luckypops.com\/wp-content\/uploads\/2025\/07\/POSE_04_EDIT.png\" \/>\n\t<meta property=\"og:image:width\" content=\"1440\" \/>\n\t<meta property=\"og:image:height\" content=\"1440\" \/>\n\t<meta property=\"og:image:type\" content=\"image\/png\" \/>\n<meta name=\"twitter:card\" content=\"summary_large_image\" \/>\n<meta name=\"twitter:label1\" content=\"Dur\u00e9e de lecture estim\u00e9e\" \/>\n\t<meta name=\"twitter:data1\" content=\"4 minutes\" \/>\n<script type=\"application\/ld+json\" class=\"yoast-schema-graph\">{\"@context\":\"https:\/\/schema.org\",\"@graph\":[{\"@type\":\"WebPage\",\"@id\":\"https:\/\/luckypops.com\/fr\/ontdek\/\",\"url\":\"https:\/\/luckypops.com\/fr\/ontdek\/\",\"name\":\"D\u00e9couvrir - Lucky Pops\",\"isPartOf\":{\"@id\":\"https:\/\/luckypops-com.apache34.websrv.be\/#website\"},\"primaryImageOfPage\":{\"@id\":\"https:\/\/luckypops.com\/fr\/ontdek\/#primaryimage\"},\"image\":{\"@id\":\"https:\/\/luckypops.com\/fr\/ontdek\/#primaryimage\"},\"thumbnailUrl\":\"https:\/\/luckypops.com\/wp-content\/uploads\/2025\/07\/POSE_04_EDIT-1024x1024.png\",\"datePublished\":\"2025-08-21T08:14:36+00:00\",\"dateModified\":\"2025-12-11T10:43:30+00:00\",\"breadcrumb\":{\"@id\":\"https:\/\/luckypops.com\/fr\/ontdek\/#breadcrumb\"},\"inLanguage\":\"fr-FR\",\"potentialAction\":[{\"@type\":\"ReadAction\",\"target\":[\"https:\/\/luckypops.com\/fr\/ontdek\/\"]}]},{\"@type\":\"ImageObject\",\"inLanguage\":\"fr-FR\",\"@id\":\"https:\/\/luckypops.com\/fr\/ontdek\/#primaryimage\",\"url\":\"https:\/\/luckypops.com\/wp-content\/uploads\/2025\/07\/POSE_04_EDIT-1024x1024.png\",\"contentUrl\":\"https:\/\/luckypops.com\/wp-content\/uploads\/2025\/07\/POSE_04_EDIT-1024x1024.png\"},{\"@type\":\"BreadcrumbList\",\"@id\":\"https:\/\/luckypops.com\/fr\/ontdek\/#breadcrumb\",\"itemListElement\":[{\"@type\":\"ListItem\",\"position\":1,\"name\":\"Home\",\"item\":\"https:\/\/luckypops.com\/fr\/\"},{\"@type\":\"ListItem\",\"position\":2,\"name\":\"D\u00e9couvrir\"}]},{\"@type\":\"WebSite\",\"@id\":\"https:\/\/luckypops-com.apache34.websrv.be\/#website\",\"url\":\"https:\/\/luckypops-com.apache34.websrv.be\/\",\"name\":\"Lucky Pops\",\"description\":\"\",\"publisher\":{\"@id\":\"https:\/\/luckypops-com.apache34.websrv.be\/#organization\"},\"potentialAction\":[{\"@type\":\"SearchAction\",\"target\":{\"@type\":\"EntryPoint\",\"urlTemplate\":\"https:\/\/luckypops-com.apache34.websrv.be\/?s={search_term_string}\"},\"query-input\":{\"@type\":\"PropertyValueSpecification\",\"valueRequired\":true,\"valueName\":\"search_term_string\"}}],\"inLanguage\":\"fr-FR\"},{\"@type\":\"Organization\",\"@id\":\"https:\/\/luckypops-com.apache34.websrv.be\/#organization\",\"name\":\"Lucky Pops\",\"url\":\"https:\/\/luckypops-com.apache34.websrv.be\/\",\"logo\":{\"@type\":\"ImageObject\",\"inLanguage\":\"fr-FR\",\"@id\":\"https:\/\/luckypops-com.apache34.websrv.be\/#\/schema\/logo\/image\/\",\"url\":\"https:\/\/luckypops.com\/wp-content\/uploads\/2024\/11\/LuckyPopsLogo.png\",\"contentUrl\":\"https:\/\/luckypops.com\/wp-content\/uploads\/2024\/11\/LuckyPopsLogo.png\",\"width\":2418,\"height\":1833,\"caption\":\"Lucky Pops\"},\"image\":{\"@id\":\"https:\/\/luckypops-com.apache34.websrv.be\/#\/schema\/logo\/image\/\"}}]}<\/script>\n<!-- \/ Yoast SEO plugin. -->","yoast_head_json":{"title":"D\u00e9couvrir - Lucky Pops","robots":{"index":"index","follow":"follow","max-snippet":"max-snippet:-1","max-image-preview":"max-image-preview:large","max-video-preview":"max-video-preview:-1"},"canonical":"https:\/\/luckypops.com\/fr\/ontdek\/","og_locale":"fr_FR","og_type":"article","og_title":"D\u00e9couvrir - Lucky Pops","og_description":"Trouve ton bonheur avec Lucky Pops Salut\u2009! Moi, c\u2019est Lucky, et j\u2019ai un grand c\u0153ur\u2026 rempli de d\u00e9licieux chocolat\u2009! Mais j\u2019ai surtout une mission tr\u00e8s sp\u00e9ciale : faire circuler le bonheur\u2009! Parce que souvent, ce sont les petites choses qui rendent vraiment heureux \u2014 comme partager une sucette en chocolat Lucky Pop avec les gens [&hellip;]","og_url":"https:\/\/luckypops.com\/fr\/ontdek\/","og_site_name":"Lucky Pops","article_modified_time":"2025-12-11T10:43:30+00:00","og_image":[{"width":1440,"height":1440,"url":"https:\/\/luckypops.com\/wp-content\/uploads\/2025\/07\/POSE_04_EDIT.png","type":"image\/png"}],"twitter_card":"summary_large_image","twitter_misc":{"Dur\u00e9e de lecture estim\u00e9e":"4 minutes"},"schema":{"@context":"https:\/\/schema.org","@graph":[{"@type":"WebPage","@id":"https:\/\/luckypops.com\/fr\/ontdek\/","url":"https:\/\/luckypops.com\/fr\/ontdek\/","name":"D\u00e9couvrir - Lucky Pops","isPartOf":{"@id":"https:\/\/luckypops-com.apache34.websrv.be\/#website"},"primaryImageOfPage":{"@id":"https:\/\/luckypops.com\/fr\/ontdek\/#primaryimage"},"image":{"@id":"https:\/\/luckypops.com\/fr\/ontdek\/#primaryimage"},"thumbnailUrl":"https:\/\/luckypops.com\/wp-content\/uploads\/2025\/07\/POSE_04_EDIT-1024x1024.png","datePublished":"2025-08-21T08:14:36+00:00","dateModified":"2025-12-11T10:43:30+00:00","breadcrumb":{"@id":"https:\/\/luckypops.com\/fr\/ontdek\/#breadcrumb"},"inLanguage":"fr-FR","potentialAction":[{"@type":"ReadAction","target":["https:\/\/luckypops.com\/fr\/ontdek\/"]}]},{"@type":"ImageObject","inLanguage":"fr-FR","@id":"https:\/\/luckypops.com\/fr\/ontdek\/#primaryimage","url":"https:\/\/luckypops.com\/wp-content\/uploads\/2025\/07\/POSE_04_EDIT-1024x1024.png","contentUrl":"https:\/\/luckypops.com\/wp-content\/uploads\/2025\/07\/POSE_04_EDIT-1024x1024.png"},{"@type":"BreadcrumbList","@id":"https:\/\/luckypops.com\/fr\/ontdek\/#breadcrumb","itemListElement":[{"@type":"ListItem","position":1,"name":"Home","item":"https:\/\/luckypops.com\/fr\/"},{"@type":"ListItem","position":2,"name":"D\u00e9couvrir"}]},{"@type":"WebSite","@id":"https:\/\/luckypops-com.apache34.websrv.be\/#website","url":"https:\/\/luckypops-com.apache34.websrv.be\/","name":"Lucky Pops","description":"","publisher":{"@id":"https:\/\/luckypops-com.apache34.websrv.be\/#organization"},"potentialAction":[{"@type":"SearchAction","target":{"@type":"EntryPoint","urlTemplate":"https:\/\/luckypops-com.apache34.websrv.be\/?s={search_term_string}"},"query-input":{"@type":"PropertyValueSpecification","valueRequired":true,"valueName":"search_term_string"}}],"inLanguage":"fr-FR"},{"@type":"Organization","@id":"https:\/\/luckypops-com.apache34.websrv.be\/#organization","name":"Lucky Pops","url":"https:\/\/luckypops-com.apache34.websrv.be\/","logo":{"@type":"ImageObject","inLanguage":"fr-FR","@id":"https:\/\/luckypops-com.apache34.websrv.be\/#\/schema\/logo\/image\/","url":"https:\/\/luckypops.com\/wp-content\/uploads\/2024\/11\/LuckyPopsLogo.png","contentUrl":"https:\/\/luckypops.com\/wp-content\/uploads\/2024\/11\/LuckyPopsLogo.png","width":2418,"height":1833,"caption":"Lucky Pops"},"image":{"@id":"https:\/\/luckypops-com.apache34.websrv.be\/#\/schema\/logo\/image\/"}}]}},"_links":{"self":[{"href":"https:\/\/luckypops.com\/fr\/wp-json\/wp\/v2\/pages\/678","targetHints":{"allow":["GET"]}}],"collection":[{"href":"https:\/\/luckypops.com\/fr\/wp-json\/wp\/v2\/pages"}],"about":[{"href":"https:\/\/luckypops.com\/fr\/wp-json\/wp\/v2\/types\/page"}],"author":[{"embeddable":true,"href":"https:\/\/luckypops.com\/fr\/wp-json\/wp\/v2\/users\/6"}],"replies":[{"embeddable":true,"href":"https:\/\/luckypops.com\/fr\/wp-json\/wp\/v2\/comments?post=678"}],"version-history":[{"count":21,"href":"https:\/\/luckypops.com\/fr\/wp-json\/wp\/v2\/pages\/678\/revisions"}],"predecessor-version":[{"id":2168,"href":"https:\/\/luckypops.com\/fr\/wp-json\/wp\/v2\/pages\/678\/revisions\/2168"}],"wp:attachment":[{"href":"https:\/\/luckypops.com\/fr\/wp-json\/wp\/v2\/media?parent=678"}],"curies":[{"name":"wp","href":"https:\/\/api.w.org\/{rel}","templated":true}]}}