{"id":686,"date":"2025-08-19T09:24:59","date_gmt":"2025-08-19T09:24:59","guid":{"rendered":"https:\/\/luckypops.com\/?page_id=686"},"modified":"2026-03-03T08:25:49","modified_gmt":"2026-03-03T08:25:49","slug":"homepage-2","status":"publish","type":"page","link":"https:\/\/luckypops.com\/fr\/","title":{"rendered":"Homepage"},"content":{"rendered":"\t\t<div data-elementor-type=\"wp-page\" data-elementor-id=\"686\" class=\"elementor elementor-686 elementor-356\" data-elementor-post-type=\"page\">\n\t\t\t\t<div class=\"elementor-element elementor-element-ac89dcb e-flex e-con-boxed e-con e-parent\" data-id=\"ac89dcb\" data-element_type=\"container\" data-e-type=\"container\">\n\t\t\t\t\t<div class=\"e-con-inner\">\n\t\t<div class=\"elementor-element elementor-element-73cfef2 e-con-full e-flex e-con e-child\" data-id=\"73cfef2\" data-element_type=\"container\" data-e-type=\"container\">\n\t\t\t\t<div class=\"elementor-element elementor-element-315c814 elementor-widget elementor-widget-image\" data-id=\"315c814\" data-element_type=\"widget\" data-e-type=\"widget\" data-widget_type=\"image.default\">\n\t\t\t\t<div class=\"elementor-widget-container\">\n\t\t\t\t\t\t\t\t\t\t\t\t\t\t\t<img fetchpriority=\"high\" decoding=\"async\" width=\"800\" height=\"800\" src=\"https:\/\/luckypops.com\/wp-content\/uploads\/2025\/07\/POSE_09_EDIT-1024x1024.png\" class=\"attachment-large size-large wp-image-458\" alt=\"\" srcset=\"https:\/\/luckypops.com\/wp-content\/uploads\/2025\/07\/POSE_09_EDIT-1024x1024.png 1024w, https:\/\/luckypops.com\/wp-content\/uploads\/2025\/07\/POSE_09_EDIT-300x300.png 300w, https:\/\/luckypops.com\/wp-content\/uploads\/2025\/07\/POSE_09_EDIT-150x150.png 150w, https:\/\/luckypops.com\/wp-content\/uploads\/2025\/07\/POSE_09_EDIT-768x768.png 768w, https:\/\/luckypops.com\/wp-content\/uploads\/2025\/07\/POSE_09_EDIT.png 1440w\" sizes=\"(max-width: 800px) 100vw, 800px\" \/>\t\t\t\t\t\t\t\t\t\t\t\t\t\t\t<\/div>\n\t\t\t\t<\/div>\n\t\t\t\t<\/div>\n\t\t<div class=\"elementor-element elementor-element-412c9b3 e-con-full e-flex e-con e-child\" data-id=\"412c9b3\" data-element_type=\"container\" data-e-type=\"container\">\n\t\t<div class=\"elementor-element elementor-element-42bdd8e e-con-full e-flex e-con e-child\" data-id=\"42bdd8e\" data-element_type=\"container\" data-e-type=\"container\">\n\t\t\t\t<div class=\"elementor-element elementor-element-5461799 elementor-headline--style-highlight elementor-widget elementor-widget-animated-headline\" data-id=\"5461799\" data-element_type=\"widget\" data-e-type=\"widget\" data-settings=\"{&quot;marker&quot;:&quot;underline_zigzag&quot;,&quot;highlighted_text&quot;:&quot;Lucky&quot;,&quot;headline_style&quot;:&quot;highlight&quot;,&quot;loop&quot;:&quot;yes&quot;,&quot;highlight_animation_duration&quot;:1200,&quot;highlight_iteration_delay&quot;:8000}\" data-widget_type=\"animated-headline.default\">\n\t\t\t\t<div class=\"elementor-widget-container\">\n\t\t\t\t\t\t\t<h3 class=\"elementor-headline\">\n\t\t\t\t\t<span class=\"elementor-headline-plain-text elementor-headline-text-wrapper\">Salut, moi c\u2019est <\/span>\n\t\t\t\t<span class=\"elementor-headline-dynamic-wrapper elementor-headline-text-wrapper\">\n\t\t\t\t\t<span class=\"elementor-headline-dynamic-text elementor-headline-text-active\">Lucky<\/span>\n\t\t\t\t<\/span>\n\t\t\t\t\t<span class=\"elementor-headline-plain-text elementor-headline-text-wrapper\">!<\/span>\n\t\t\t\t\t<\/h3>\n\t\t\t\t\t\t<\/div>\n\t\t\t\t<\/div>\n\t\t\t\t<\/div>\n\t\t<div class=\"elementor-element elementor-element-43068a8 e-con-full e-flex e-con e-child\" data-id=\"43068a8\" data-element_type=\"container\" data-e-type=\"container\">\n\t\t\t\t<div class=\"elementor-element elementor-element-edce7d7 elementor-align-left elementor-mobile-align-center elementor-widget elementor-widget-button\" data-id=\"edce7d7\" data-element_type=\"widget\" data-e-type=\"widget\" data-widget_type=\"button.default\">\n\t\t\t\t<div class=\"elementor-widget-container\">\n\t\t\t\t\t\t\t\t\t<div class=\"elementor-button-wrapper\">\n\t\t\t\t\t<a class=\"elementor-button elementor-size-sm\" role=\"button\">\n\t\t\t\t\t\t<span class=\"elementor-button-content-wrapper\">\n\t\t\t\t\t\t\t\t\t<span class=\"elementor-button-text\">D\u00e9couvre Lucky Pops<\/span>\n\t\t\t\t\t<\/span>\n\t\t\t\t\t<\/a>\n\t\t\t\t<\/div>\n\t\t\t\t\t\t\t\t<\/div>\n\t\t\t\t<\/div>\n\t\t\t\t<div class=\"elementor-element elementor-element-68c137d elementor-widget__width-initial elementor-widget elementor-widget-text-editor\" data-id=\"68c137d\" data-element_type=\"widget\" data-e-type=\"widget\" data-widget_type=\"text-editor.default\">\n\t\t\t\t<div class=\"elementor-widget-container\">\n\t\t\t\t\t\t\t\t\t<p><span style=\"font-weight: 400;\">Bienvenue dans le monde merveilleux des Lucky Pops : ici, le chocolat n\u2019est pas juste du chocolat\u2026 c\u2019est un <\/span><b>concentr\u00e9 de bonheur<\/b><span style=\"font-weight: 400;\">\u2009! Chaque sucette est une mini-explosion de joie : du vrai <\/span><b>chocolat belge<\/b><span style=\"font-weight: 400;\">, avec une petite \u00e9tincelle en plus. Partager une Lucky Pop, c\u2019est transformer chaque moment en instant magique. Tu veux en savoir plus\u2009?<\/span><\/p>\t\t\t\t\t\t\t\t<\/div>\n\t\t\t\t<\/div>\n\t\t\t\t<\/div>\n\t\t\t\t<\/div>\n\t\t\t\t\t<\/div>\n\t\t\t\t<\/div>\n\t\t<div class=\"elementor-element elementor-element-405ce1f e-flex e-con-boxed e-con e-parent\" data-id=\"405ce1f\" data-element_type=\"container\" data-e-type=\"container\">\n\t\t\t\t\t<div class=\"e-con-inner\">\n\t\t\t\t<div class=\"elementor-element elementor-element-32c5658 elementor-widget elementor-widget-text-editor\" data-id=\"32c5658\" data-element_type=\"widget\" data-e-type=\"widget\" data-widget_type=\"text-editor.default\">\n\t\t\t\t<div class=\"elementor-widget-container\">\n\t\t\t\t\t\t\t\t\t<h2>Notre gamme<\/h2>\t\t\t\t\t\t\t\t<\/div>\n\t\t\t\t<\/div>\n\t\t\t\t\t<\/div>\n\t\t\t\t<\/div>\n\t\t<div class=\"elementor-element elementor-element-49c83c9b e-flex e-con-boxed e-con e-parent\" data-id=\"49c83c9b\" data-element_type=\"container\" data-e-type=\"container\">\n\t\t\t\t\t<div class=\"e-con-inner\">\n\t\t<div class=\"elementor-element elementor-element-2d0c01e5 e-con-full e-flex e-con e-child\" data-id=\"2d0c01e5\" data-element_type=\"container\" data-e-type=\"container\">\n\t\t\t\t<div class=\"elementor-element elementor-element-734975d6 elementor-skin-carousel elementor-arrows-yes elementor-pagination-type-bullets elementor-pagination-position-outside elementor-widget elementor-widget-media-carousel\" data-id=\"734975d6\" data-element_type=\"widget\" data-e-type=\"widget\" data-settings=\"{&quot;speed&quot;:200,&quot;skin&quot;:&quot;carousel&quot;,&quot;effect&quot;:&quot;slide&quot;,&quot;show_arrows&quot;:&quot;yes&quot;,&quot;pagination&quot;:&quot;bullets&quot;,&quot;autoplay&quot;:&quot;yes&quot;,&quot;autoplay_speed&quot;:5000,&quot;loop&quot;:&quot;yes&quot;,&quot;pause_on_hover&quot;:&quot;yes&quot;,&quot;pause_on_interaction&quot;:&quot;yes&quot;,&quot;space_between&quot;:{&quot;unit&quot;:&quot;px&quot;,&quot;size&quot;:10,&quot;sizes&quot;:[]},&quot;space_between_tablet&quot;:{&quot;unit&quot;:&quot;px&quot;,&quot;size&quot;:10,&quot;sizes&quot;:[]},&quot;space_between_mobile&quot;:{&quot;unit&quot;:&quot;px&quot;,&quot;size&quot;:10,&quot;sizes&quot;:[]}}\" data-widget_type=\"media-carousel.default\">\n\t\t\t\t<div class=\"elementor-widget-container\">\n\t\t\t\t\t\t\t\t\t<div class=\"elementor-swiper\">\n\t\t\t\t\t<div class=\"elementor-main-swiper swiper\" role=\"region\" aria-roledescription=\"carousel\" aria-label=\"Slides\">\n\t\t\t\t<div class=\"swiper-wrapper\">\n\t\t\t\t\t\t\t\t\t\t\t<div class=\"swiper-slide\" role=\"group\" aria-roledescription=\"slide\">\n\t\t\t\t\t\t\t<a href=\"https:\/\/luckypops.com\/fr\/lucky\/\">\t\t<div class=\"elementor-carousel-image\" role=\"img\" aria-label=\"AYR Lucky display (4)\" style=\"background-image: url(&#039;https:\/\/luckypops.com\/wp-content\/uploads\/2025\/08\/AYR-Lucky-display-4.png&#039;)\">\n\n\t\t\t\n\t\t\t\t\t<\/div>\n\t\t<\/a>\t\t\t\t\t\t<\/div>\n\t\t\t\t\t\t\t\t\t\t\t<div class=\"swiper-slide\" role=\"group\" aria-roledescription=\"slide\">\n\t\t\t\t\t\t\t<a href=\"https:\/\/luckypops.com\/fr\/lucky\/\">\t\t<div class=\"elementor-carousel-image\" role=\"img\" aria-label=\"AYR Lucky 3 pack\" style=\"background-image: url(&#039;https:\/\/luckypops.com\/wp-content\/uploads\/2025\/08\/AYR-Lucky-3-pack.png&#039;)\">\n\n\t\t\t\n\t\t\t\t\t<\/div>\n\t\t<\/a>\t\t\t\t\t\t<\/div>\n\t\t\t\t\t\t\t\t\t\t\t<div class=\"swiper-slide\" role=\"group\" aria-roledescription=\"slide\">\n\t\t\t\t\t\t\t<a href=\"https:\/\/luckypops.com\/fr\/saint-nicholas\/\">\t\t<div class=\"elementor-carousel-image\" role=\"img\" aria-label=\"LP_Sint_display\" style=\"background-image: url(&#039;https:\/\/luckypops.com\/wp-content\/uploads\/2025\/08\/LP_Sint_display.png&#039;)\">\n\n\t\t\t\n\t\t\t\t\t<\/div>\n\t\t<\/a>\t\t\t\t\t\t<\/div>\n\t\t\t\t\t\t\t\t\t\t\t<div class=\"swiper-slide\" role=\"group\" aria-roledescription=\"slide\">\n\t\t\t\t\t\t\t<a href=\"https:\/\/luckypops.com\/fr\/christmas\/\">\t\t<div class=\"elementor-carousel-image\" role=\"img\" aria-label=\"Santa display\" style=\"background-image: url(&#039;https:\/\/luckypops.com\/wp-content\/uploads\/2025\/09\/Santa-display.png&#039;)\">\n\n\t\t\t\n\t\t\t\t\t<\/div>\n\t\t<\/a>\t\t\t\t\t\t<\/div>\n\t\t\t\t\t\t\t\t\t\t\t<div class=\"swiper-slide\" role=\"group\" aria-roledescription=\"slide\">\n\t\t\t\t\t\t\t<a href=\"https:\/\/luckypops.com\/fr\/christmas\/\">\t\t<div class=\"elementor-carousel-image\" role=\"img\" aria-label=\"Lucky Kerst Display\" style=\"background-image: url(&#039;https:\/\/luckypops.com\/wp-content\/uploads\/2025\/08\/Lucky-Kerst-Display.png&#039;)\">\n\n\t\t\t\n\t\t\t\t\t<\/div>\n\t\t<\/a>\t\t\t\t\t\t<\/div>\n\t\t\t\t\t\t\t\t\t\t\t<div class=\"swiper-slide\" role=\"group\" aria-roledescription=\"slide\">\n\t\t\t\t\t\t\t<a href=\"https:\/\/luckypops.com\/fr\/easter\/\">\t\t<div class=\"elementor-carousel-image\" role=\"img\" aria-label=\"LP_Pasen_display\" style=\"background-image: url(&#039;https:\/\/luckypops.com\/wp-content\/uploads\/2025\/08\/LP_Pasen_display.png&#039;)\">\n\n\t\t\t\n\t\t\t\t\t<\/div>\n\t\t<\/a>\t\t\t\t\t\t<\/div>\n\t\t\t\t\t\t\t\t\t<\/div>\n\t\t\t\t\t\t\t\t\t\t\t\t\t\t\t<div class=\"elementor-swiper-button elementor-swiper-button-prev\" role=\"button\" tabindex=\"0\" aria-label=\"Pr\u00e9c\u00e9dent\">\n\t\t\t\t\t\t\t<svg aria-hidden=\"true\" class=\"e-font-icon-svg e-eicon-chevron-left\" viewBox=\"0 0 1000 1000\" xmlns=\"http:\/\/www.w3.org\/2000\/svg\"><path d=\"M646 125C629 125 613 133 604 142L308 442C296 454 292 471 292 487 292 504 296 521 308 533L604 854C617 867 629 875 646 875 663 875 679 871 692 858 704 846 713 829 713 812 713 796 708 779 692 767L438 487 692 225C700 217 708 204 708 187 708 171 704 154 692 142 675 129 663 125 646 125Z\"><\/path><\/svg>\t\t\t\t\t\t<\/div>\n\t\t\t\t\t\t<div class=\"elementor-swiper-button elementor-swiper-button-next\" role=\"button\" tabindex=\"0\" aria-label=\"Suivant\">\n\t\t\t\t\t\t\t<svg aria-hidden=\"true\" class=\"e-font-icon-svg e-eicon-chevron-right\" viewBox=\"0 0 1000 1000\" xmlns=\"http:\/\/www.w3.org\/2000\/svg\"><path d=\"M696 533C708 521 713 504 713 487 713 471 708 454 696 446L400 146C388 133 375 125 354 125 338 125 325 129 313 142 300 154 292 171 292 187 292 204 296 221 308 233L563 492 304 771C292 783 288 800 288 817 288 833 296 850 308 863 321 871 338 875 354 875 371 875 388 867 400 854L696 533Z\"><\/path><\/svg>\t\t\t\t\t\t<\/div>\n\t\t\t\t\t\t\t\t\t\t\t\t\t\t\t\t<div class=\"swiper-pagination\"><\/div>\n\t\t\t\t\t\t\t\t\t\t\t\t<\/div>\n\t\t\t\t<\/div>\n\t\t\t\t\t\t\t\t<\/div>\n\t\t\t\t<\/div>\n\t\t\t\t<\/div>\n\t\t\t\t\t<\/div>\n\t\t\t\t<\/div>\n\t\t<div class=\"elementor-element elementor-element-ddf66f3 e-flex e-con-boxed e-con e-parent\" data-id=\"ddf66f3\" data-element_type=\"container\" data-e-type=\"container\">\n\t\t\t\t\t<div class=\"e-con-inner\">\n\t\t<div class=\"elementor-element elementor-element-6bbfa07 e-con-full e-flex e-con e-child\" data-id=\"6bbfa07\" data-element_type=\"container\" data-e-type=\"container\">\n\t\t\t\t<div class=\"elementor-element elementor-element-e3c5aec elementor-widget elementor-widget-image\" data-id=\"e3c5aec\" data-element_type=\"widget\" data-e-type=\"widget\" data-widget_type=\"image.default\">\n\t\t\t\t<div class=\"elementor-widget-container\">\n\t\t\t\t\t\t\t\t\t\t\t\t\t\t\t<img decoding=\"async\" width=\"655\" height=\"1024\" src=\"https:\/\/luckypops.com\/wp-content\/uploads\/2025\/12\/wijzen_symbolen-655x1024.png\" class=\"attachment-large size-large wp-image-2176\" alt=\"\" srcset=\"https:\/\/luckypops.com\/wp-content\/uploads\/2025\/12\/wijzen_symbolen-655x1024.png 655w, https:\/\/luckypops.com\/wp-content\/uploads\/2025\/12\/wijzen_symbolen-192x300.png 192w, https:\/\/luckypops.com\/wp-content\/uploads\/2025\/12\/wijzen_symbolen-768x1201.png 768w, https:\/\/luckypops.com\/wp-content\/uploads\/2025\/12\/wijzen_symbolen.png 801w\" sizes=\"(max-width: 655px) 100vw, 655px\" \/>\t\t\t\t\t\t\t\t\t\t\t\t\t\t\t<\/div>\n\t\t\t\t<\/div>\n\t\t\t\t<\/div>\n\t\t<div class=\"elementor-element elementor-element-58a0e5d e-con-full e-flex e-con e-child\" data-id=\"58a0e5d\" data-element_type=\"container\" data-e-type=\"container\">\n\t\t<div class=\"elementor-element elementor-element-d613d5c e-con-full e-flex e-con e-child\" data-id=\"d613d5c\" data-element_type=\"container\" data-e-type=\"container\">\n\t\t\t\t<div class=\"elementor-element elementor-element-cbc6ed6 elementor-widget__width-initial elementor-widget elementor-widget-text-editor\" data-id=\"cbc6ed6\" data-element_type=\"widget\" data-e-type=\"widget\" data-widget_type=\"text-editor.default\">\n\t\t\t\t<div class=\"elementor-widget-container\">\n\t\t\t\t\t\t\t\t\t<h3>Trouve ton petit bonheur<\/h3><p>Promis, je n\u2019ai pas vol\u00e9 mon nom\u2009! Sur chaque Lucky Pop, un symbole porte-bonheur se cache\u2026 Et tu ne sais jamais sur lequel tu vas tomber ! C\u2019est \u00e7a qui rend le moment encore plus amusant\u2009! Un tr\u00e8fle, un c\u0153ur ou une \u00e9toile\u2009? <b>Chaque symbole repr\u00e9sente un petit bonheur \u00e0 offrir<\/b> : \u00e0 toi-m\u00eame, \u00e0 une personne que tu aimes, ou m\u00eame \u00e0 quelqu\u2019un que tu ne connais pas. Alors, quel bonheur vas-tu partager aujourd\u2019hui\u2009?<\/p>\t\t\t\t\t\t\t\t<\/div>\n\t\t\t\t<\/div>\n\t\t\t\t<\/div>\n\t\t<div class=\"elementor-element elementor-element-3a8c6b6 e-con-full e-flex e-con e-child\" data-id=\"3a8c6b6\" data-element_type=\"container\" data-e-type=\"container\">\n\t\t\t\t<div class=\"elementor-element elementor-element-21f3d79 elementor-align-left elementor-mobile-align-center elementor-widget elementor-widget-button\" data-id=\"21f3d79\" data-element_type=\"widget\" data-e-type=\"widget\" data-widget_type=\"button.default\">\n\t\t\t\t<div class=\"elementor-widget-container\">\n\t\t\t\t\t\t\t\t\t<div class=\"elementor-button-wrapper\">\n\t\t\t\t\t<a class=\"elementor-button elementor-button-link elementor-size-sm\" href=\"#\">\n\t\t\t\t\t\t<span class=\"elementor-button-content-wrapper\">\n\t\t\t\t\t\t\t\t\t<span class=\"elementor-button-text\">Que signifie ton symbole\u2009?<\/span>\n\t\t\t\t\t<\/span>\n\t\t\t\t\t<\/a>\n\t\t\t\t<\/div>\n\t\t\t\t\t\t\t\t<\/div>\n\t\t\t\t<\/div>\n\t\t\t\t<\/div>\n\t\t\t\t<\/div>\n\t\t\t\t\t<\/div>\n\t\t\t\t<\/div>\n\t\t\t\t<\/div>\n\t\t","protected":false},"excerpt":{"rendered":"<p>Salut, moi c\u2019est Lucky ! D\u00e9couvre Lucky Pops Bienvenue dans le monde merveilleux des Lucky Pops : ici, le chocolat n\u2019est pas juste du chocolat\u2026 c\u2019est un concentr\u00e9 de bonheur\u2009! Chaque sucette est une mini-explosion de joie : du vrai chocolat belge, avec une petite \u00e9tincelle en plus. Partager une Lucky Pop, c\u2019est transformer chaque [&hellip;]<\/p>\n","protected":false},"author":6,"featured_media":0,"parent":0,"menu_order":0,"comment_status":"closed","ping_status":"closed","template":"","meta":{"_acf_changed":false,"footnotes":""},"class_list":["post-686","page","type-page","status-publish","hentry"],"acf":[],"yoast_head":"<!-- This site is optimized with the Yoast SEO plugin v27.0 - https:\/\/yoast.com\/product\/yoast-seo-wordpress\/ -->\n<title>Homepage - Lucky Pops<\/title>\n<meta name=\"robots\" content=\"index, follow, max-snippet:-1, max-image-preview:large, max-video-preview:-1\" \/>\n<link rel=\"canonical\" href=\"https:\/\/luckypops.com\/fr\/\" \/>\n<meta property=\"og:locale\" content=\"fr_FR\" \/>\n<meta property=\"og:type\" content=\"article\" \/>\n<meta property=\"og:title\" content=\"Homepage - Lucky Pops\" \/>\n<meta property=\"og:description\" content=\"Salut, moi c\u2019est Lucky ! D\u00e9couvre Lucky Pops Bienvenue dans le monde merveilleux des Lucky Pops : ici, le chocolat n\u2019est pas juste du chocolat\u2026 c\u2019est un concentr\u00e9 de bonheur\u2009! Chaque sucette est une mini-explosion de joie : du vrai chocolat belge, avec une petite \u00e9tincelle en plus. Partager une Lucky Pop, c\u2019est transformer chaque [&hellip;]\" \/>\n<meta property=\"og:url\" content=\"https:\/\/luckypops.com\/fr\/\" \/>\n<meta property=\"og:site_name\" content=\"Lucky Pops\" \/>\n<meta property=\"article:modified_time\" content=\"2026-03-03T08:25:49+00:00\" \/>\n<meta property=\"og:image\" content=\"https:\/\/luckypops.com\/wp-content\/uploads\/2025\/07\/POSE_09_EDIT.png\" \/>\n\t<meta property=\"og:image:width\" content=\"1440\" \/>\n\t<meta property=\"og:image:height\" content=\"1440\" \/>\n\t<meta property=\"og:image:type\" content=\"image\/png\" \/>\n<meta name=\"twitter:card\" content=\"summary_large_image\" \/>\n<meta name=\"twitter:label1\" content=\"Dur\u00e9e de lecture estim\u00e9e\" \/>\n\t<meta name=\"twitter:data1\" content=\"2 minutes\" \/>\n<script type=\"application\/ld+json\" class=\"yoast-schema-graph\">{\"@context\":\"https:\/\/schema.org\",\"@graph\":[{\"@type\":\"WebPage\",\"@id\":\"https:\/\/luckypops.com\/fr\/\",\"url\":\"https:\/\/luckypops.com\/fr\/\",\"name\":\"Homepage - Lucky Pops\",\"isPartOf\":{\"@id\":\"https:\/\/luckypops-com.apache34.websrv.be\/#website\"},\"primaryImageOfPage\":{\"@id\":\"https:\/\/luckypops.com\/fr\/#primaryimage\"},\"image\":{\"@id\":\"https:\/\/luckypops.com\/fr\/#primaryimage\"},\"thumbnailUrl\":\"https:\/\/luckypops.com\/wp-content\/uploads\/2025\/07\/POSE_09_EDIT-1024x1024.png\",\"datePublished\":\"2025-08-19T09:24:59+00:00\",\"dateModified\":\"2026-03-03T08:25:49+00:00\",\"breadcrumb\":{\"@id\":\"https:\/\/luckypops.com\/fr\/#breadcrumb\"},\"inLanguage\":\"fr-FR\",\"potentialAction\":[{\"@type\":\"ReadAction\",\"target\":[\"https:\/\/luckypops.com\/fr\/\"]}]},{\"@type\":\"ImageObject\",\"inLanguage\":\"fr-FR\",\"@id\":\"https:\/\/luckypops.com\/fr\/#primaryimage\",\"url\":\"https:\/\/luckypops.com\/wp-content\/uploads\/2025\/07\/POSE_09_EDIT-1024x1024.png\",\"contentUrl\":\"https:\/\/luckypops.com\/wp-content\/uploads\/2025\/07\/POSE_09_EDIT-1024x1024.png\"},{\"@type\":\"BreadcrumbList\",\"@id\":\"https:\/\/luckypops.com\/fr\/#breadcrumb\",\"itemListElement\":[{\"@type\":\"ListItem\",\"position\":1,\"name\":\"Home\",\"item\":\"https:\/\/luckypops.com\/fr\/\"},{\"@type\":\"ListItem\",\"position\":2,\"name\":\"Homepage\"}]},{\"@type\":\"WebSite\",\"@id\":\"https:\/\/luckypops-com.apache34.websrv.be\/#website\",\"url\":\"https:\/\/luckypops-com.apache34.websrv.be\/\",\"name\":\"Lucky Pops\",\"description\":\"\",\"publisher\":{\"@id\":\"https:\/\/luckypops-com.apache34.websrv.be\/#organization\"},\"potentialAction\":[{\"@type\":\"SearchAction\",\"target\":{\"@type\":\"EntryPoint\",\"urlTemplate\":\"https:\/\/luckypops-com.apache34.websrv.be\/?s={search_term_string}\"},\"query-input\":{\"@type\":\"PropertyValueSpecification\",\"valueRequired\":true,\"valueName\":\"search_term_string\"}}],\"inLanguage\":\"fr-FR\"},{\"@type\":\"Organization\",\"@id\":\"https:\/\/luckypops-com.apache34.websrv.be\/#organization\",\"name\":\"Lucky Pops\",\"url\":\"https:\/\/luckypops-com.apache34.websrv.be\/\",\"logo\":{\"@type\":\"ImageObject\",\"inLanguage\":\"fr-FR\",\"@id\":\"https:\/\/luckypops-com.apache34.websrv.be\/#\/schema\/logo\/image\/\",\"url\":\"https:\/\/luckypops.com\/wp-content\/uploads\/2024\/11\/LuckyPopsLogo.png\",\"contentUrl\":\"https:\/\/luckypops.com\/wp-content\/uploads\/2024\/11\/LuckyPopsLogo.png\",\"width\":2418,\"height\":1833,\"caption\":\"Lucky Pops\"},\"image\":{\"@id\":\"https:\/\/luckypops-com.apache34.websrv.be\/#\/schema\/logo\/image\/\"}}]}<\/script>\n<!-- \/ Yoast SEO plugin. -->","yoast_head_json":{"title":"Homepage - Lucky Pops","robots":{"index":"index","follow":"follow","max-snippet":"max-snippet:-1","max-image-preview":"max-image-preview:large","max-video-preview":"max-video-preview:-1"},"canonical":"https:\/\/luckypops.com\/fr\/","og_locale":"fr_FR","og_type":"article","og_title":"Homepage - Lucky Pops","og_description":"Salut, moi c\u2019est Lucky ! D\u00e9couvre Lucky Pops Bienvenue dans le monde merveilleux des Lucky Pops : ici, le chocolat n\u2019est pas juste du chocolat\u2026 c\u2019est un concentr\u00e9 de bonheur\u2009! Chaque sucette est une mini-explosion de joie : du vrai chocolat belge, avec une petite \u00e9tincelle en plus. Partager une Lucky Pop, c\u2019est transformer chaque [&hellip;]","og_url":"https:\/\/luckypops.com\/fr\/","og_site_name":"Lucky Pops","article_modified_time":"2026-03-03T08:25:49+00:00","og_image":[{"width":1440,"height":1440,"url":"https:\/\/luckypops.com\/wp-content\/uploads\/2025\/07\/POSE_09_EDIT.png","type":"image\/png"}],"twitter_card":"summary_large_image","twitter_misc":{"Dur\u00e9e de lecture estim\u00e9e":"2 minutes"},"schema":{"@context":"https:\/\/schema.org","@graph":[{"@type":"WebPage","@id":"https:\/\/luckypops.com\/fr\/","url":"https:\/\/luckypops.com\/fr\/","name":"Homepage - Lucky Pops","isPartOf":{"@id":"https:\/\/luckypops-com.apache34.websrv.be\/#website"},"primaryImageOfPage":{"@id":"https:\/\/luckypops.com\/fr\/#primaryimage"},"image":{"@id":"https:\/\/luckypops.com\/fr\/#primaryimage"},"thumbnailUrl":"https:\/\/luckypops.com\/wp-content\/uploads\/2025\/07\/POSE_09_EDIT-1024x1024.png","datePublished":"2025-08-19T09:24:59+00:00","dateModified":"2026-03-03T08:25:49+00:00","breadcrumb":{"@id":"https:\/\/luckypops.com\/fr\/#breadcrumb"},"inLanguage":"fr-FR","potentialAction":[{"@type":"ReadAction","target":["https:\/\/luckypops.com\/fr\/"]}]},{"@type":"ImageObject","inLanguage":"fr-FR","@id":"https:\/\/luckypops.com\/fr\/#primaryimage","url":"https:\/\/luckypops.com\/wp-content\/uploads\/2025\/07\/POSE_09_EDIT-1024x1024.png","contentUrl":"https:\/\/luckypops.com\/wp-content\/uploads\/2025\/07\/POSE_09_EDIT-1024x1024.png"},{"@type":"BreadcrumbList","@id":"https:\/\/luckypops.com\/fr\/#breadcrumb","itemListElement":[{"@type":"ListItem","position":1,"name":"Home","item":"https:\/\/luckypops.com\/fr\/"},{"@type":"ListItem","position":2,"name":"Homepage"}]},{"@type":"WebSite","@id":"https:\/\/luckypops-com.apache34.websrv.be\/#website","url":"https:\/\/luckypops-com.apache34.websrv.be\/","name":"Lucky Pops","description":"","publisher":{"@id":"https:\/\/luckypops-com.apache34.websrv.be\/#organization"},"potentialAction":[{"@type":"SearchAction","target":{"@type":"EntryPoint","urlTemplate":"https:\/\/luckypops-com.apache34.websrv.be\/?s={search_term_string}"},"query-input":{"@type":"PropertyValueSpecification","valueRequired":true,"valueName":"search_term_string"}}],"inLanguage":"fr-FR"},{"@type":"Organization","@id":"https:\/\/luckypops-com.apache34.websrv.be\/#organization","name":"Lucky Pops","url":"https:\/\/luckypops-com.apache34.websrv.be\/","logo":{"@type":"ImageObject","inLanguage":"fr-FR","@id":"https:\/\/luckypops-com.apache34.websrv.be\/#\/schema\/logo\/image\/","url":"https:\/\/luckypops.com\/wp-content\/uploads\/2024\/11\/LuckyPopsLogo.png","contentUrl":"https:\/\/luckypops.com\/wp-content\/uploads\/2024\/11\/LuckyPopsLogo.png","width":2418,"height":1833,"caption":"Lucky Pops"},"image":{"@id":"https:\/\/luckypops-com.apache34.websrv.be\/#\/schema\/logo\/image\/"}}]}},"_links":{"self":[{"href":"https:\/\/luckypops.com\/fr\/wp-json\/wp\/v2\/pages\/686","targetHints":{"allow":["GET"]}}],"collection":[{"href":"https:\/\/luckypops.com\/fr\/wp-json\/wp\/v2\/pages"}],"about":[{"href":"https:\/\/luckypops.com\/fr\/wp-json\/wp\/v2\/types\/page"}],"author":[{"embeddable":true,"href":"https:\/\/luckypops.com\/fr\/wp-json\/wp\/v2\/users\/6"}],"replies":[{"embeddable":true,"href":"https:\/\/luckypops.com\/fr\/wp-json\/wp\/v2\/comments?post=686"}],"version-history":[{"count":37,"href":"https:\/\/luckypops.com\/fr\/wp-json\/wp\/v2\/pages\/686\/revisions"}],"predecessor-version":[{"id":2401,"href":"https:\/\/luckypops.com\/fr\/wp-json\/wp\/v2\/pages\/686\/revisions\/2401"}],"wp:attachment":[{"href":"https:\/\/luckypops.com\/fr\/wp-json\/wp\/v2\/media?parent=686"}],"curies":[{"name":"wp","href":"https:\/\/api.w.org\/{rel}","templated":true}]}}