{"id":695,"date":"2025-08-21T08:15:17","date_gmt":"2025-08-21T08:15:17","guid":{"rendered":"https:\/\/luckypops.com\/?page_id=695"},"modified":"2025-08-25T10:11:13","modified_gmt":"2025-08-25T10:11:13","slug":"durabilite","status":"publish","type":"page","link":"https:\/\/luckypops.com\/fr\/durabilite\/","title":{"rendered":"Durabilit\u00e9"},"content":{"rendered":"\t\t<div data-elementor-type=\"wp-page\" data-elementor-id=\"695\" class=\"elementor elementor-695 elementor-482\" data-elementor-post-type=\"page\">\n\t\t\t\t<div class=\"elementor-element elementor-element-3dc9d9f e-con-full e-flex e-con e-parent\" data-id=\"3dc9d9f\" data-element_type=\"container\" data-e-type=\"container\">\n\t\t<div class=\"elementor-element elementor-element-a99019b e-con-full e-flex e-con e-child\" data-id=\"a99019b\" data-element_type=\"container\" data-e-type=\"container\">\n\t\t\t\t<div class=\"elementor-element elementor-element-43350ad elementor-widget elementor-widget-image\" data-id=\"43350ad\" data-element_type=\"widget\" data-e-type=\"widget\" data-widget_type=\"image.default\">\n\t\t\t\t<div class=\"elementor-widget-container\">\n\t\t\t\t\t\t\t\t\t\t\t\t\t\t\t<img fetchpriority=\"high\" decoding=\"async\" width=\"800\" height=\"800\" src=\"https:\/\/luckypops.com\/wp-content\/uploads\/2025\/07\/POSE_14_EDIT-1024x1024.png\" class=\"attachment-large size-large wp-image-484\" alt=\"\" srcset=\"https:\/\/luckypops.com\/wp-content\/uploads\/2025\/07\/POSE_14_EDIT-1024x1024.png 1024w, https:\/\/luckypops.com\/wp-content\/uploads\/2025\/07\/POSE_14_EDIT-300x300.png 300w, https:\/\/luckypops.com\/wp-content\/uploads\/2025\/07\/POSE_14_EDIT-150x150.png 150w, https:\/\/luckypops.com\/wp-content\/uploads\/2025\/07\/POSE_14_EDIT-768x768.png 768w, https:\/\/luckypops.com\/wp-content\/uploads\/2025\/07\/POSE_14_EDIT.png 1440w\" sizes=\"(max-width: 800px) 100vw, 800px\" \/>\t\t\t\t\t\t\t\t\t\t\t\t\t\t\t<\/div>\n\t\t\t\t<\/div>\n\t\t\t\t<\/div>\n\t\t<div class=\"elementor-element elementor-element-38517d5 e-con-full e-flex e-con e-child\" data-id=\"38517d5\" data-element_type=\"container\" data-e-type=\"container\">\n\t\t<div class=\"elementor-element elementor-element-8aadfe3 e-con-full e-flex e-con e-child\" data-id=\"8aadfe3\" data-element_type=\"container\" data-e-type=\"container\">\n\t\t\t\t<div class=\"elementor-element elementor-element-b8b7b07 elementor-widget elementor-widget-heading\" data-id=\"b8b7b07\" data-element_type=\"widget\" data-e-type=\"widget\" data-widget_type=\"heading.default\">\n\t\t\t\t<div class=\"elementor-widget-container\">\n\t\t\t\t\t<h1 class=\"elementor-heading-title elementor-size-default\">Le voyage du cacao commence en C\u00f4te d\u2019Ivoire\n<\/h1>\t\t\t\t<\/div>\n\t\t\t\t<\/div>\n\t\t\t\t<\/div>\n\t\t<div class=\"elementor-element elementor-element-9f6dcc5 e-con-full e-flex e-con e-child\" data-id=\"9f6dcc5\" data-element_type=\"container\" data-e-type=\"container\">\n\t\t\t\t<div class=\"elementor-element elementor-element-a4b7ec4 elementor-widget elementor-widget-text-editor\" data-id=\"a4b7ec4\" data-element_type=\"widget\" data-e-type=\"widget\" data-widget_type=\"text-editor.default\">\n\t\t\t\t<div class=\"elementor-widget-container\">\n\t\t\t\t\t\t\t\t\t<p>H\u00e9, tu viens avec moi\u2009? On part en voyage jusqu\u2019au c\u0153ur de la C\u00f4te d\u2019Ivoire, dans un petit village qui s\u2019appelle Tigorikro. L\u00e0-bas vivent Robert et Chantal, avec leurs trois enfants. Robert est cultivateur de cacao. \u00c7a veut dire qu\u2019il se r\u00e9veille tr\u00e8s t\u00f4t, quand le soleil se l\u00e8ve \u00e0 peine, pour s\u2019occuper de ses arbres \u00e0 cacao, les cacaoyers. Il r\u00e9colte les f\u00e8ves, les fait s\u00e9cher\u2026 Et c\u2019est gr\u00e2ce \u00e0 lui que nous pouvons fabriquer notre d\u00e9licieux chocolat\u2009!<\/p><p>Mais \u00eatre producteur de cacao, c\u2019est un m\u00e9tier tr\u00e8s difficile. Et souvent, ils ne gagnent pas assez pour faire vivre correctement leur famille. C\u2019est pour \u00e7a qu\u2019on a cr\u00e9\u00e9 <b>La Lucky Foundation<\/b> : \u00e0 chaque fois que tu ach\u00e8tes une Lucky Pop, <b>2 centimes vont directement \u00e0 cette fondation<\/b>, pour aider les familles comme celle de Robert.<\/p>\t\t\t\t\t\t\t\t<\/div>\n\t\t\t\t<\/div>\n\t\t\t\t<\/div>\n\t\t\t\t<\/div>\n\t\t\t\t<\/div>\n\t\t<div class=\"elementor-element elementor-element-1dfe885 e-flex e-con-boxed e-con e-parent\" data-id=\"1dfe885\" data-element_type=\"container\" data-e-type=\"container\">\n\t\t\t\t\t<div class=\"e-con-inner\">\n\t\t\t\t<div class=\"elementor-element elementor-element-af8e81f elementor-widget elementor-widget-text-editor\" data-id=\"af8e81f\" data-element_type=\"widget\" data-e-type=\"widget\" data-widget_type=\"text-editor.default\">\n\t\t\t\t<div class=\"elementor-widget-container\">\n\t\t\t\t\t\t\t\t\t<h3>La Lucky Foundation<\/h3><p><span style=\"font-weight: 400;\">La Lucky Foundation agit de six fa\u00e7ons pour am\u00e9liorer la vie des producteurs de cacao.<\/span><\/p><p>En plus, le cacao que l\u2019on utilise est <b>certifi\u00e9 Fair Trade<\/b>. \u00c7a veut dire que ton chocolat est non seulement d\u00e9licieux, mais aussi respectueux des droits humains, et que les producteurs sont pay\u00e9s de mani\u00e8re \u00e9quitable.<\/p>\t\t\t\t\t\t\t\t<\/div>\n\t\t\t\t<\/div>\n\t\t\t\t\t<\/div>\n\t\t\t\t<\/div>\n\t\t<div class=\"elementor-element elementor-element-c6a2412 e-flex e-con-boxed e-con e-parent\" data-id=\"c6a2412\" data-element_type=\"container\" data-e-type=\"container\" data-settings=\"{&quot;background_background&quot;:&quot;classic&quot;}\">\n\t\t\t\t\t<div class=\"e-con-inner\">\n\t\t<div class=\"elementor-element elementor-element-5106bd2 e-con-full e-flex e-con e-child\" data-id=\"5106bd2\" data-element_type=\"container\" data-e-type=\"container\">\n\t\t\t\t<div class=\"elementor-element elementor-element-43f79d8 elementor-widget elementor-widget-text-editor\" data-id=\"43f79d8\" data-element_type=\"widget\" data-e-type=\"widget\" data-widget_type=\"text-editor.default\">\n\t\t\t\t<div class=\"elementor-widget-container\">\n\t\t\t\t\t\t\t\t\t<h4><b>1. En leur donnant un revenu suffisant<\/b><\/h4><p><span style=\"font-weight: 400;\">Gr\u00e2ce \u00e0 un revenu plus juste, Robert peut payer l\u2019\u00e9cole de ses enfants, acheter ce dont sa famille a besoin, et m\u00eame mettre un peu d\u2019argent de c\u00f4t\u00e9 pour les impr\u00e9vus.<\/span><\/p>\t\t\t\t\t\t\t\t<\/div>\n\t\t\t\t<\/div>\n\t\t\t\t<\/div>\n\t\t<div class=\"elementor-element elementor-element-5d2b839 e-con-full e-flex e-con e-child\" data-id=\"5d2b839\" data-element_type=\"container\" data-e-type=\"container\">\n\t\t\t\t<div class=\"elementor-element elementor-element-af1f00f elementor-widget elementor-widget-text-editor\" data-id=\"af1f00f\" data-element_type=\"widget\" data-e-type=\"widget\" data-widget_type=\"text-editor.default\">\n\t\t\t\t<div class=\"elementor-widget-container\">\n\t\t\t\t\t\t\t\t\t<h4><b>2. En aidant les femmes \u00e0 <\/b><b>s\u2019\u00e9manciper<\/b><\/h4><p><span style=\"font-weight: 400;\">On a par exemple offert un moulin \u00e0 ma\u00efs et \u00e0 riz \u00e0 Chantal. Avec d\u2019autres femmes du village, elle peut maintenant transformer les r\u00e9coltes et les vendre. C\u2019est une vraie force pour elles\u2009!<\/span><\/p>\t\t\t\t\t\t\t\t<\/div>\n\t\t\t\t<\/div>\n\t\t\t\t<\/div>\n\t\t<div class=\"elementor-element elementor-element-0e04da0 e-con-full e-flex e-con e-child\" data-id=\"0e04da0\" data-element_type=\"container\" data-e-type=\"container\">\n\t\t\t\t<div class=\"elementor-element elementor-element-5d19805 elementor-widget elementor-widget-text-editor\" data-id=\"5d19805\" data-element_type=\"widget\" data-e-type=\"widget\" data-widget_type=\"text-editor.default\">\n\t\t\t\t<div class=\"elementor-widget-container\">\n\t\t\t\t\t\t\t\t\t<h4><b>3. <span style=\"font-weight: 400;\">E<\/span>n facilitant l\u2019acc\u00e8s \u00e0 une bonne \u00e9ducation<\/b><\/h4><p><span style=\"font-weight: 400;\">Les trois enfants de Robert ont re\u00e7u un sac \u00e0 dos, des fournitures scolaires et un uniforme. Les enseignants, eux, ont \u00e9t\u00e9 install\u00e9s dans une maison au c\u0153ur du village, pour ne pas \u00eatre trop loin de l\u2019\u00e9cole.<\/span><\/p>\t\t\t\t\t\t\t\t<\/div>\n\t\t\t\t<\/div>\n\t\t\t\t<\/div>\n\t\t<div class=\"elementor-element elementor-element-2dcafcf e-con-full e-flex e-con e-child\" data-id=\"2dcafcf\" data-element_type=\"container\" data-e-type=\"container\">\n\t\t\t\t<div class=\"elementor-element elementor-element-bad1479 elementor-widget elementor-widget-text-editor\" data-id=\"bad1479\" data-element_type=\"widget\" data-e-type=\"widget\" data-widget_type=\"text-editor.default\">\n\t\t\t\t<div class=\"elementor-widget-container\">\n\t\t\t\t\t\t\t\t\t<h4><b>4. En construisant ce dont ils ont vraiment besoin<\/b><\/h4><p><span style=\"font-weight: 400;\">Un puits pour avoir de l\u2019eau, des lampadaires solaires dans les rues, et m\u00eame des v\u00e9los pour tous les cultivateurs\u2009! Ces id\u00e9es, ce sont les habitants eux-m\u00eames qui nous les donnent \u2014 comme \u00e7a, on r\u00e9pond vraiment \u00e0 leurs besoins.<\/span><\/p>\t\t\t\t\t\t\t\t<\/div>\n\t\t\t\t<\/div>\n\t\t\t\t<\/div>\n\t\t<div class=\"elementor-element elementor-element-f81183b e-con-full e-flex e-con e-child\" data-id=\"f81183b\" data-element_type=\"container\" data-e-type=\"container\">\n\t\t\t\t<div class=\"elementor-element elementor-element-57f7ee3 elementor-widget elementor-widget-text-editor\" data-id=\"57f7ee3\" data-element_type=\"widget\" data-e-type=\"widget\" data-widget_type=\"text-editor.default\">\n\t\t\t\t<div class=\"elementor-widget-container\">\n\t\t\t\t\t\t\t\t\t<h4><b>5. En cultivant le cacao de mani\u00e8re durable<\/b><\/h4><p><span style=\"font-weight: 400;\">On aide Robert \u00e0 travailler en respectant la nature : il a plant\u00e9 des arbres pour cr\u00e9er de l\u2019ombre, prot\u00e9ger les sols et encourager la biodiversit\u00e9. R\u00e9sultat : la for\u00eat reste belle et pleine de vie\u2009!<\/span><\/p>\t\t\t\t\t\t\t\t<\/div>\n\t\t\t\t<\/div>\n\t\t\t\t<\/div>\n\t\t<div class=\"elementor-element elementor-element-307ebbc e-con-full e-flex e-con e-child\" data-id=\"307ebbc\" data-element_type=\"container\" data-e-type=\"container\">\n\t\t\t\t<div class=\"elementor-element elementor-element-296e154 elementor-widget elementor-widget-text-editor\" data-id=\"296e154\" data-element_type=\"widget\" data-e-type=\"widget\" data-widget_type=\"text-editor.default\">\n\t\t\t\t<div class=\"elementor-widget-container\">\n\t\t\t\t\t\t\t\t\t<h4><b>6. En sensibilisant les consommateurs<br data-start=\"36\" data-end=\"39\" \/><\/b><\/h4><p>C&#8217;est ainsi que nous racontons l&#8217;histoire du chocolat pour que les gens prennent conscience des d\u00e9fis auxquels les cultivateurs de cacao sont confront\u00e9s chaque jour.<\/p>\t\t\t\t\t\t\t\t<\/div>\n\t\t\t\t<\/div>\n\t\t\t\t<\/div>\n\t\t\t\t\t<\/div>\n\t\t\t\t<\/div>\n\t\t<div class=\"elementor-element elementor-element-12f2a07 e-flex e-con-boxed e-con e-parent\" data-id=\"12f2a07\" data-element_type=\"container\" data-e-type=\"container\" data-settings=\"{&quot;background_background&quot;:&quot;classic&quot;}\">\n\t\t\t\t\t<div class=\"e-con-inner\">\n\t\t<div class=\"elementor-element elementor-element-f9085ee e-con-full e-flex e-con e-child\" data-id=\"f9085ee\" data-element_type=\"container\" data-e-type=\"container\">\n\t\t\t\t<div class=\"elementor-element elementor-element-9d39dfd elementor-widget elementor-widget-image\" data-id=\"9d39dfd\" data-element_type=\"widget\" data-e-type=\"widget\" data-widget_type=\"image.default\">\n\t\t\t\t<div class=\"elementor-widget-container\">\n\t\t\t\t\t\t\t\t\t\t\t\t\t\t\t<img decoding=\"async\" width=\"800\" height=\"800\" src=\"https:\/\/luckypops.com\/wp-content\/uploads\/2025\/07\/POSE_23_EDIT-1024x1024.png\" class=\"attachment-large size-large wp-image-497\" alt=\"\" srcset=\"https:\/\/luckypops.com\/wp-content\/uploads\/2025\/07\/POSE_23_EDIT-1024x1024.png 1024w, https:\/\/luckypops.com\/wp-content\/uploads\/2025\/07\/POSE_23_EDIT-300x300.png 300w, https:\/\/luckypops.com\/wp-content\/uploads\/2025\/07\/POSE_23_EDIT-150x150.png 150w, https:\/\/luckypops.com\/wp-content\/uploads\/2025\/07\/POSE_23_EDIT-768x768.png 768w, https:\/\/luckypops.com\/wp-content\/uploads\/2025\/07\/POSE_23_EDIT.png 1440w\" sizes=\"(max-width: 800px) 100vw, 800px\" \/>\t\t\t\t\t\t\t\t\t\t\t\t\t\t\t<\/div>\n\t\t\t\t<\/div>\n\t\t\t\t<\/div>\n\t\t<div class=\"elementor-element elementor-element-fe52882 e-con-full e-flex e-con e-child\" data-id=\"fe52882\" data-element_type=\"container\" data-e-type=\"container\">\n\t\t<div class=\"elementor-element elementor-element-88c58f1 e-con-full e-flex e-con e-child\" data-id=\"88c58f1\" data-element_type=\"container\" data-e-type=\"container\">\n\t\t\t\t<div class=\"elementor-element elementor-element-ff92b16 elementor-widget elementor-widget-text-editor\" data-id=\"ff92b16\" data-element_type=\"widget\" data-e-type=\"widget\" data-widget_type=\"text-editor.default\">\n\t\t\t\t<div class=\"elementor-widget-container\">\n\t\t\t\t\t\t\t\t\t<h3>De la C\u00f4te d\u2019Ivoire \u00e0 la Belgique<\/h3><p>Et maintenant\u2026 retour chez nous, en Belgique\u2009! Ici, les f\u00e8ves de cacao de Robert sont transform\u00e9es pour devenir tes petites figurines en chocolat pr\u00e9f\u00e9r\u00e9es : les Lucky Pops. Et notre engagement pour la plan\u00e8te continue\u2009!<\/p>\t\t\t\t\t\t\t\t<\/div>\n\t\t\t\t<\/div>\n\t\t\t\t<div class=\"elementor-element elementor-element-d91c698 elementor-icon-list--layout-traditional elementor-list-item-link-full_width elementor-widget elementor-widget-icon-list\" data-id=\"d91c698\" data-element_type=\"widget\" data-e-type=\"widget\" data-widget_type=\"icon-list.default\">\n\t\t\t\t<div class=\"elementor-widget-container\">\n\t\t\t\t\t\t\t<ul class=\"elementor-icon-list-items\">\n\t\t\t\t\t\t\t<li class=\"elementor-icon-list-item\">\n\t\t\t\t\t\t\t\t\t\t\t<span class=\"elementor-icon-list-icon\">\n\t\t\t\t\t\t\t<svg aria-hidden=\"true\" class=\"e-font-icon-svg e-fas-star\" viewBox=\"0 0 576 512\" xmlns=\"http:\/\/www.w3.org\/2000\/svg\"><path d=\"M259.3 17.8L194 150.2 47.9 171.5c-26.2 3.8-36.7 36.1-17.7 54.6l105.7 103-25 145.5c-4.5 26.3 23.2 46 46.4 33.7L288 439.6l130.7 68.7c23.2 12.2 50.9-7.4 46.4-33.7l-25-145.5 105.7-103c19-18.5 8.5-50.8-17.7-54.6L382 150.2 316.7 17.8c-11.7-23.6-45.6-23.9-57.4 0z\"><\/path><\/svg>\t\t\t\t\t\t<\/span>\n\t\t\t\t\t\t\t\t\t\t<span class=\"elementor-icon-list-text\">Notre atelier fonctionne \u00e0 100 % avec de <b>l\u2019\u00e9lectricit\u00e9 verte<\/b>.<\/span>\n\t\t\t\t\t\t\t\t\t<\/li>\n\t\t\t\t\t\t\t\t<li class=\"elementor-icon-list-item\">\n\t\t\t\t\t\t\t\t\t\t\t<span class=\"elementor-icon-list-icon\">\n\t\t\t\t\t\t\t<svg aria-hidden=\"true\" class=\"e-font-icon-svg e-fas-star\" viewBox=\"0 0 576 512\" xmlns=\"http:\/\/www.w3.org\/2000\/svg\"><path d=\"M259.3 17.8L194 150.2 47.9 171.5c-26.2 3.8-36.7 36.1-17.7 54.6l105.7 103-25 145.5c-4.5 26.3 23.2 46 46.4 33.7L288 439.6l130.7 68.7c23.2 12.2 50.9-7.4 46.4-33.7l-25-145.5 105.7-103c19-18.5 8.5-50.8-17.7-54.6L382 150.2 316.7 17.8c-11.7-23.6-45.6-23.9-57.4 0z\"><\/path><\/svg>\t\t\t\t\t\t<\/span>\n\t\t\t\t\t\t\t\t\t\t<span class=\"elementor-icon-list-text\">Nos emballages sont en papier \u2014 ce qui <b>r\u00e9duit de 39 % les \u00e9missions de CO\u2082<\/b> compar\u00e9 au plastique.<\/span>\n\t\t\t\t\t\t\t\t\t<\/li>\n\t\t\t\t\t\t\t\t<li class=\"elementor-icon-list-item\">\n\t\t\t\t\t\t\t\t\t\t\t<span class=\"elementor-icon-list-icon\">\n\t\t\t\t\t\t\t<svg aria-hidden=\"true\" class=\"e-font-icon-svg e-fas-star\" viewBox=\"0 0 576 512\" xmlns=\"http:\/\/www.w3.org\/2000\/svg\"><path d=\"M259.3 17.8L194 150.2 47.9 171.5c-26.2 3.8-36.7 36.1-17.7 54.6l105.7 103-25 145.5c-4.5 26.3 23.2 46 46.4 33.7L288 439.6l130.7 68.7c23.2 12.2 50.9-7.4 46.4-33.7l-25-145.5 105.7-103c19-18.5 8.5-50.8-17.7-54.6L382 150.2 316.7 17.8c-11.7-23.6-45.6-23.9-57.4 0z\"><\/path><\/svg>\t\t\t\t\t\t<\/span>\n\t\t\t\t\t\t\t\t\t\t<span class=\"elementor-icon-list-text\">De l\u2019emballage en papier jusqu\u2019au pr\u00e9sentoir en magasin : tout est fabriqu\u00e9 en <b>papier ou carton certifi\u00e9 FSC<\/b> (\u00e7a veut dire : issu de for\u00eats bien g\u00e9r\u00e9es)&nbsp;&nbsp;<\/span>\n\t\t\t\t\t\t\t\t\t<\/li>\n\t\t\t\t\t\t\t\t<li class=\"elementor-icon-list-item\">\n\t\t\t\t\t\t\t\t\t\t\t<span class=\"elementor-icon-list-icon\">\n\t\t\t\t\t\t\t<svg aria-hidden=\"true\" class=\"e-font-icon-svg e-fas-star\" viewBox=\"0 0 576 512\" xmlns=\"http:\/\/www.w3.org\/2000\/svg\"><path d=\"M259.3 17.8L194 150.2 47.9 171.5c-26.2 3.8-36.7 36.1-17.7 54.6l105.7 103-25 145.5c-4.5 26.3 23.2 46 46.4 33.7L288 439.6l130.7 68.7c23.2 12.2 50.9-7.4 46.4-33.7l-25-145.5 105.7-103c19-18.5 8.5-50.8-17.7-54.6L382 150.2 316.7 17.8c-11.7-23.6-45.6-23.9-57.4 0z\"><\/path><\/svg>\t\t\t\t\t\t<\/span>\n\t\t\t\t\t\t\t\t\t\t<span class=\"elementor-icon-list-text\">Et pour les couleurs de tes Lucky Pops\u2009? On n\u2019utilise que <b>des colorants naturels<\/b>, pour que m\u00eame les plus petits puissent en profiter sans souci.<\/span>\n\t\t\t\t\t\t\t\t\t<\/li>\n\t\t\t\t\t\t<\/ul>\n\t\t\t\t\t\t<\/div>\n\t\t\t\t<\/div>\n\t\t\t\t<div class=\"elementor-element elementor-element-8586983 elementor-widget elementor-widget-text-editor\" data-id=\"8586983\" data-element_type=\"widget\" data-e-type=\"widget\" data-widget_type=\"text-editor.default\">\n\t\t\t\t<div class=\"elementor-widget-container\">\n\t\t\t\t\t\t\t\t\t<p>Une Lucky Pop, c\u2019est un petit bonheur pour toi\u2026 et <b>un grand bonheur pour des familles comme celle de Robert<\/b>. \u00c0 chaque bouch\u00e9e, tu aides \u00e0 construire un monde plus doux, plus juste et plus joyeux, o\u00f9 les enfants peuvent grandir en bonne sant\u00e9, avec le sourire et plein d\u2019\u00e9tincelles dans les yeux.<\/p>\t\t\t\t\t\t\t\t<\/div>\n\t\t\t\t<\/div>\n\t\t\t\t<\/div>\n\t\t\t\t<\/div>\n\t\t\t\t\t<\/div>\n\t\t\t\t<\/div>\n\t\t\t\t<\/div>\n\t\t","protected":false},"excerpt":{"rendered":"<p>Le voyage du cacao commence en C\u00f4te d\u2019Ivoire H\u00e9, tu viens avec moi\u2009? On part en voyage jusqu\u2019au c\u0153ur de la C\u00f4te d\u2019Ivoire, dans un petit village qui s\u2019appelle Tigorikro. L\u00e0-bas vivent Robert et Chantal, avec leurs trois enfants. Robert est cultivateur de cacao. \u00c7a veut dire qu\u2019il se r\u00e9veille tr\u00e8s t\u00f4t, quand le soleil [&hellip;]<\/p>\n","protected":false},"author":6,"featured_media":0,"parent":0,"menu_order":0,"comment_status":"closed","ping_status":"closed","template":"","meta":{"_acf_changed":false,"footnotes":""},"class_list":["post-695","page","type-page","status-publish","hentry"],"acf":[],"yoast_head":"<!-- This site is optimized with the Yoast SEO plugin v27.0 - https:\/\/yoast.com\/product\/yoast-seo-wordpress\/ -->\n<title>Durabilit\u00e9 - Lucky Pops<\/title>\n<meta name=\"robots\" content=\"index, follow, max-snippet:-1, max-image-preview:large, max-video-preview:-1\" \/>\n<link rel=\"canonical\" href=\"https:\/\/luckypops.com\/fr\/durabilite\/\" \/>\n<meta property=\"og:locale\" content=\"fr_FR\" \/>\n<meta property=\"og:type\" content=\"article\" \/>\n<meta property=\"og:title\" content=\"Durabilit\u00e9 - Lucky Pops\" \/>\n<meta property=\"og:description\" content=\"Le voyage du cacao commence en C\u00f4te d\u2019Ivoire H\u00e9, tu viens avec moi\u2009? On part en voyage jusqu\u2019au c\u0153ur de la C\u00f4te d\u2019Ivoire, dans un petit village qui s\u2019appelle Tigorikro. L\u00e0-bas vivent Robert et Chantal, avec leurs trois enfants. Robert est cultivateur de cacao. \u00c7a veut dire qu\u2019il se r\u00e9veille tr\u00e8s t\u00f4t, quand le soleil [&hellip;]\" \/>\n<meta property=\"og:url\" content=\"https:\/\/luckypops.com\/fr\/durabilite\/\" \/>\n<meta property=\"og:site_name\" content=\"Lucky Pops\" \/>\n<meta property=\"article:modified_time\" content=\"2025-08-25T10:11:13+00:00\" \/>\n<meta property=\"og:image\" content=\"https:\/\/luckypops.com\/wp-content\/uploads\/2025\/07\/POSE_14_EDIT.png\" \/>\n\t<meta property=\"og:image:width\" content=\"1440\" \/>\n\t<meta property=\"og:image:height\" content=\"1440\" \/>\n\t<meta property=\"og:image:type\" content=\"image\/png\" \/>\n<meta name=\"twitter:card\" content=\"summary_large_image\" \/>\n<meta name=\"twitter:label1\" content=\"Dur\u00e9e de lecture estim\u00e9e\" \/>\n\t<meta name=\"twitter:data1\" content=\"4 minutes\" \/>\n<script type=\"application\/ld+json\" class=\"yoast-schema-graph\">{\"@context\":\"https:\/\/schema.org\",\"@graph\":[{\"@type\":\"WebPage\",\"@id\":\"https:\/\/luckypops.com\/fr\/durabilite\/\",\"url\":\"https:\/\/luckypops.com\/fr\/durabilite\/\",\"name\":\"Durabilit\u00e9 - Lucky Pops\",\"isPartOf\":{\"@id\":\"https:\/\/luckypops-com.apache34.websrv.be\/#website\"},\"primaryImageOfPage\":{\"@id\":\"https:\/\/luckypops.com\/fr\/durabilite\/#primaryimage\"},\"image\":{\"@id\":\"https:\/\/luckypops.com\/fr\/durabilite\/#primaryimage\"},\"thumbnailUrl\":\"https:\/\/luckypops.com\/wp-content\/uploads\/2025\/07\/POSE_14_EDIT-1024x1024.png\",\"datePublished\":\"2025-08-21T08:15:17+00:00\",\"dateModified\":\"2025-08-25T10:11:13+00:00\",\"breadcrumb\":{\"@id\":\"https:\/\/luckypops.com\/fr\/durabilite\/#breadcrumb\"},\"inLanguage\":\"fr-FR\",\"potentialAction\":[{\"@type\":\"ReadAction\",\"target\":[\"https:\/\/luckypops.com\/fr\/durabilite\/\"]}]},{\"@type\":\"ImageObject\",\"inLanguage\":\"fr-FR\",\"@id\":\"https:\/\/luckypops.com\/fr\/durabilite\/#primaryimage\",\"url\":\"https:\/\/luckypops.com\/wp-content\/uploads\/2025\/07\/POSE_14_EDIT-1024x1024.png\",\"contentUrl\":\"https:\/\/luckypops.com\/wp-content\/uploads\/2025\/07\/POSE_14_EDIT-1024x1024.png\"},{\"@type\":\"BreadcrumbList\",\"@id\":\"https:\/\/luckypops.com\/fr\/durabilite\/#breadcrumb\",\"itemListElement\":[{\"@type\":\"ListItem\",\"position\":1,\"name\":\"Home\",\"item\":\"https:\/\/luckypops.com\/fr\/\"},{\"@type\":\"ListItem\",\"position\":2,\"name\":\"Durabilit\u00e9\"}]},{\"@type\":\"WebSite\",\"@id\":\"https:\/\/luckypops-com.apache34.websrv.be\/#website\",\"url\":\"https:\/\/luckypops-com.apache34.websrv.be\/\",\"name\":\"Lucky Pops\",\"description\":\"\",\"publisher\":{\"@id\":\"https:\/\/luckypops-com.apache34.websrv.be\/#organization\"},\"potentialAction\":[{\"@type\":\"SearchAction\",\"target\":{\"@type\":\"EntryPoint\",\"urlTemplate\":\"https:\/\/luckypops-com.apache34.websrv.be\/?s={search_term_string}\"},\"query-input\":{\"@type\":\"PropertyValueSpecification\",\"valueRequired\":true,\"valueName\":\"search_term_string\"}}],\"inLanguage\":\"fr-FR\"},{\"@type\":\"Organization\",\"@id\":\"https:\/\/luckypops-com.apache34.websrv.be\/#organization\",\"name\":\"Lucky Pops\",\"url\":\"https:\/\/luckypops-com.apache34.websrv.be\/\",\"logo\":{\"@type\":\"ImageObject\",\"inLanguage\":\"fr-FR\",\"@id\":\"https:\/\/luckypops-com.apache34.websrv.be\/#\/schema\/logo\/image\/\",\"url\":\"https:\/\/luckypops.com\/wp-content\/uploads\/2024\/11\/LuckyPopsLogo.png\",\"contentUrl\":\"https:\/\/luckypops.com\/wp-content\/uploads\/2024\/11\/LuckyPopsLogo.png\",\"width\":2418,\"height\":1833,\"caption\":\"Lucky Pops\"},\"image\":{\"@id\":\"https:\/\/luckypops-com.apache34.websrv.be\/#\/schema\/logo\/image\/\"}}]}<\/script>\n<!-- \/ Yoast SEO plugin. -->","yoast_head_json":{"title":"Durabilit\u00e9 - Lucky Pops","robots":{"index":"index","follow":"follow","max-snippet":"max-snippet:-1","max-image-preview":"max-image-preview:large","max-video-preview":"max-video-preview:-1"},"canonical":"https:\/\/luckypops.com\/fr\/durabilite\/","og_locale":"fr_FR","og_type":"article","og_title":"Durabilit\u00e9 - Lucky Pops","og_description":"Le voyage du cacao commence en C\u00f4te d\u2019Ivoire H\u00e9, tu viens avec moi\u2009? On part en voyage jusqu\u2019au c\u0153ur de la C\u00f4te d\u2019Ivoire, dans un petit village qui s\u2019appelle Tigorikro. L\u00e0-bas vivent Robert et Chantal, avec leurs trois enfants. Robert est cultivateur de cacao. \u00c7a veut dire qu\u2019il se r\u00e9veille tr\u00e8s t\u00f4t, quand le soleil [&hellip;]","og_url":"https:\/\/luckypops.com\/fr\/durabilite\/","og_site_name":"Lucky Pops","article_modified_time":"2025-08-25T10:11:13+00:00","og_image":[{"width":1440,"height":1440,"url":"https:\/\/luckypops.com\/wp-content\/uploads\/2025\/07\/POSE_14_EDIT.png","type":"image\/png"}],"twitter_card":"summary_large_image","twitter_misc":{"Dur\u00e9e de lecture estim\u00e9e":"4 minutes"},"schema":{"@context":"https:\/\/schema.org","@graph":[{"@type":"WebPage","@id":"https:\/\/luckypops.com\/fr\/durabilite\/","url":"https:\/\/luckypops.com\/fr\/durabilite\/","name":"Durabilit\u00e9 - Lucky Pops","isPartOf":{"@id":"https:\/\/luckypops-com.apache34.websrv.be\/#website"},"primaryImageOfPage":{"@id":"https:\/\/luckypops.com\/fr\/durabilite\/#primaryimage"},"image":{"@id":"https:\/\/luckypops.com\/fr\/durabilite\/#primaryimage"},"thumbnailUrl":"https:\/\/luckypops.com\/wp-content\/uploads\/2025\/07\/POSE_14_EDIT-1024x1024.png","datePublished":"2025-08-21T08:15:17+00:00","dateModified":"2025-08-25T10:11:13+00:00","breadcrumb":{"@id":"https:\/\/luckypops.com\/fr\/durabilite\/#breadcrumb"},"inLanguage":"fr-FR","potentialAction":[{"@type":"ReadAction","target":["https:\/\/luckypops.com\/fr\/durabilite\/"]}]},{"@type":"ImageObject","inLanguage":"fr-FR","@id":"https:\/\/luckypops.com\/fr\/durabilite\/#primaryimage","url":"https:\/\/luckypops.com\/wp-content\/uploads\/2025\/07\/POSE_14_EDIT-1024x1024.png","contentUrl":"https:\/\/luckypops.com\/wp-content\/uploads\/2025\/07\/POSE_14_EDIT-1024x1024.png"},{"@type":"BreadcrumbList","@id":"https:\/\/luckypops.com\/fr\/durabilite\/#breadcrumb","itemListElement":[{"@type":"ListItem","position":1,"name":"Home","item":"https:\/\/luckypops.com\/fr\/"},{"@type":"ListItem","position":2,"name":"Durabilit\u00e9"}]},{"@type":"WebSite","@id":"https:\/\/luckypops-com.apache34.websrv.be\/#website","url":"https:\/\/luckypops-com.apache34.websrv.be\/","name":"Lucky Pops","description":"","publisher":{"@id":"https:\/\/luckypops-com.apache34.websrv.be\/#organization"},"potentialAction":[{"@type":"SearchAction","target":{"@type":"EntryPoint","urlTemplate":"https:\/\/luckypops-com.apache34.websrv.be\/?s={search_term_string}"},"query-input":{"@type":"PropertyValueSpecification","valueRequired":true,"valueName":"search_term_string"}}],"inLanguage":"fr-FR"},{"@type":"Organization","@id":"https:\/\/luckypops-com.apache34.websrv.be\/#organization","name":"Lucky Pops","url":"https:\/\/luckypops-com.apache34.websrv.be\/","logo":{"@type":"ImageObject","inLanguage":"fr-FR","@id":"https:\/\/luckypops-com.apache34.websrv.be\/#\/schema\/logo\/image\/","url":"https:\/\/luckypops.com\/wp-content\/uploads\/2024\/11\/LuckyPopsLogo.png","contentUrl":"https:\/\/luckypops.com\/wp-content\/uploads\/2024\/11\/LuckyPopsLogo.png","width":2418,"height":1833,"caption":"Lucky Pops"},"image":{"@id":"https:\/\/luckypops-com.apache34.websrv.be\/#\/schema\/logo\/image\/"}}]}},"_links":{"self":[{"href":"https:\/\/luckypops.com\/fr\/wp-json\/wp\/v2\/pages\/695","targetHints":{"allow":["GET"]}}],"collection":[{"href":"https:\/\/luckypops.com\/fr\/wp-json\/wp\/v2\/pages"}],"about":[{"href":"https:\/\/luckypops.com\/fr\/wp-json\/wp\/v2\/types\/page"}],"author":[{"embeddable":true,"href":"https:\/\/luckypops.com\/fr\/wp-json\/wp\/v2\/users\/6"}],"replies":[{"embeddable":true,"href":"https:\/\/luckypops.com\/fr\/wp-json\/wp\/v2\/comments?post=695"}],"version-history":[{"count":12,"href":"https:\/\/luckypops.com\/fr\/wp-json\/wp\/v2\/pages\/695\/revisions"}],"predecessor-version":[{"id":1144,"href":"https:\/\/luckypops.com\/fr\/wp-json\/wp\/v2\/pages\/695\/revisions\/1144"}],"wp:attachment":[{"href":"https:\/\/luckypops.com\/fr\/wp-json\/wp\/v2\/media?parent=695"}],"curies":[{"name":"wp","href":"https:\/\/api.w.org\/{rel}","templated":true}]}}