{"id":851,"date":"2025-08-21T07:49:44","date_gmt":"2025-08-21T07:49:44","guid":{"rendered":"https:\/\/luckypops.com\/?page_id=851"},"modified":"2026-03-03T08:23:11","modified_gmt":"2026-03-03T08:23:11","slug":"easter","status":"publish","type":"page","link":"https:\/\/luckypops.com\/fr\/easter\/","title":{"rendered":"Produit &#8211; P\u00e2ques"},"content":{"rendered":"\t\t<div data-elementor-type=\"wp-page\" data-elementor-id=\"851\" class=\"elementor elementor-851 elementor-706\" data-elementor-post-type=\"page\">\n\t\t\t\t<div class=\"elementor-element elementor-element-37ee1181 e-flex e-con-boxed e-con e-parent\" data-id=\"37ee1181\" data-element_type=\"container\" data-e-type=\"container\" data-settings=\"{&quot;background_background&quot;:&quot;classic&quot;}\">\n\t\t\t\t\t<div class=\"e-con-inner\">\n\t\t<div class=\"elementor-element elementor-element-58696c5d e-con-full e-flex e-con e-child\" data-id=\"58696c5d\" data-element_type=\"container\" data-e-type=\"container\">\n\t\t\t\t<div class=\"elementor-element elementor-element-be065d8 elementor-widget elementor-widget-image\" data-id=\"be065d8\" data-element_type=\"widget\" data-e-type=\"widget\" data-widget_type=\"image.default\">\n\t\t\t\t<div class=\"elementor-widget-container\">\n\t\t\t\t\t\t\t\t\t\t\t\t\t\t\t<img fetchpriority=\"high\" decoding=\"async\" width=\"500\" height=\"500\" src=\"https:\/\/luckypops.com\/wp-content\/uploads\/2025\/08\/LP_Pasen_display.png\" class=\"attachment-large size-large wp-image-730\" alt=\"\" srcset=\"https:\/\/luckypops.com\/wp-content\/uploads\/2025\/08\/LP_Pasen_display.png 500w, https:\/\/luckypops.com\/wp-content\/uploads\/2025\/08\/LP_Pasen_display-300x300.png 300w, https:\/\/luckypops.com\/wp-content\/uploads\/2025\/08\/LP_Pasen_display-150x150.png 150w\" sizes=\"(max-width: 500px) 100vw, 500px\" \/>\t\t\t\t\t\t\t\t\t\t\t\t\t\t\t<\/div>\n\t\t\t\t<\/div>\n\t\t\t\t<\/div>\n\t\t<div class=\"elementor-element elementor-element-a7852 e-con-full e-flex e-con e-child\" data-id=\"a7852\" data-element_type=\"container\" data-e-type=\"container\">\n\t\t<div class=\"elementor-element elementor-element-34a90cbe e-con-full e-flex e-con e-child\" data-id=\"34a90cbe\" data-element_type=\"container\" data-e-type=\"container\">\n\t\t\t\t<div class=\"elementor-element elementor-element-6ed9e7bb elementor-widget elementor-widget-text-editor\" data-id=\"6ed9e7bb\" data-element_type=\"widget\" data-e-type=\"widget\" data-widget_type=\"text-editor.default\">\n\t\t\t\t<div class=\"elementor-widget-container\">\n\t\t\t\t\t\t\t\t\t<h2>Lapin Davy &amp; Canard Daffy<\/h2><p data-start=\"761\" data-end=\"1048\">Salut, nous sommes Lapin Davy et Canard Daffy ! Nous sautons et chicanons avec des paniers remplis de chocolat belge, \u00e0 la recherche d&#8217;endroits o\u00f9 cacher mes Lucky Pops. Tu en trouves un ? Tu auras alors non seulement une d\u00e9licieuse friandise, mais aussi un petit moment de bonheur. Partirez-vous \u00e0 la chasse au tr\u00e9sor ?<\/p>\t\t\t\t\t\t\t\t<\/div>\n\t\t\t\t<\/div>\n\t\t\t\t<\/div>\n\t\t\t\t<\/div>\n\t\t\t\t\t<\/div>\n\t\t\t\t<\/div>\n\t\t<div class=\"elementor-element elementor-element-267435ee e-flex e-con-boxed e-con e-parent\" data-id=\"267435ee\" data-element_type=\"container\" data-e-type=\"container\" data-settings=\"{&quot;background_background&quot;:&quot;classic&quot;}\">\n\t\t\t\t\t<div class=\"e-con-inner\">\n\t\t\t\t<div class=\"elementor-element elementor-element-3b8c6d0e e-n-tabs-mobile elementor-widget elementor-widget-n-tabs\" data-id=\"3b8c6d0e\" data-element_type=\"widget\" data-e-type=\"widget\" data-settings=\"{&quot;tabs_justify_horizontal&quot;:&quot;center&quot;,&quot;horizontal_scroll&quot;:&quot;disable&quot;}\" data-widget_type=\"nested-tabs.default\">\n\t\t\t\t<div class=\"elementor-widget-container\">\n\t\t\t\t\t\t\t<div class=\"e-n-tabs\" data-widget-number=\"999058702\" aria-label=\"Onglets. Ouvrez des \u00e9l\u00e9ments avec Entrer ou Espace, fermez-les avec Echape et naviguez \u00e0 l&#039;aide des touches fl\u00e9ch\u00e9es.\">\n\t\t\t<div class=\"e-n-tabs-heading\" role=\"tablist\">\n\t\t\t\t\t<button id=\"e-n-tab-title-9990587021\" data-tab-title-id=\"e-n-tab-title-9990587021\" class=\"e-n-tab-title\" aria-selected=\"true\" data-tab-index=\"1\" role=\"tab\" tabindex=\"0\" aria-controls=\"e-n-tab-content-9990587021\" style=\"--n-tabs-title-order: 1;\">\n\t\t\t\t\t\t<span class=\"e-n-tab-title-text\">\n\t\t\t\tIngredi\u00ebnten\t\t\t<\/span>\n\t\t<\/button>\n\t\t\t\t<button id=\"e-n-tab-title-9990587022\" data-tab-title-id=\"e-n-tab-title-9990587022\" class=\"e-n-tab-title\" aria-selected=\"false\" data-tab-index=\"2\" role=\"tab\" tabindex=\"-1\" aria-controls=\"e-n-tab-content-9990587022\" style=\"--n-tabs-title-order: 2;\">\n\t\t\t\t\t\t<span class=\"e-n-tab-title-text\">\n\t\t\t\tVoedingswaarden\t\t\t<\/span>\n\t\t<\/button>\n\t\t\t\t\t<\/div>\n\t\t\t<div class=\"e-n-tabs-content\">\n\t\t\t\t<div id=\"e-n-tab-content-9990587021\" role=\"tabpanel\" aria-labelledby=\"e-n-tab-title-9990587021\" data-tab-index=\"1\" style=\"--n-tabs-title-order: 1;\" class=\"e-active elementor-element elementor-element-570932d9 e-con-full e-flex e-con e-child\" data-id=\"570932d9\" data-element_type=\"container\" data-e-type=\"container\">\n\t\t\t\t<div class=\"elementor-element elementor-element-5876220f elementor-widget elementor-widget-text-editor\" data-id=\"5876220f\" data-element_type=\"widget\" data-e-type=\"widget\" data-widget_type=\"text-editor.default\">\n\t\t\t\t<div class=\"elementor-widget-container\">\n\t\t\t\t\t\t\t\t\t<p>Sucre, beurre de cacao, <b>LAIT entier en poudre<\/b>, <b>LAIT<br \/>\u00e9cr\u00e9m\u00e9 en poudre<\/b>, masse de cacao, \u00e9mulsifiant: l\u00e9cithines,<br \/>ar\u00f4me(s): ar\u00f4me naturel de vanille, aliment(s) colorant(s): Patate<br \/>douce, carotte .<\/p>\t\t\t\t\t\t\t\t<\/div>\n\t\t\t\t<\/div>\n\t\t\t\t<\/div>\n\t\t<div id=\"e-n-tab-content-9990587022\" role=\"tabpanel\" aria-labelledby=\"e-n-tab-title-9990587022\" data-tab-index=\"2\" style=\"--n-tabs-title-order: 2;\" class=\" elementor-element elementor-element-b9c9863 e-con-full e-flex e-con e-child\" data-id=\"b9c9863\" data-element_type=\"container\" data-e-type=\"container\">\n\t\t\t\t<div class=\"elementor-element elementor-element-251717a6 elementor-widget elementor-widget-image\" data-id=\"251717a6\" data-element_type=\"widget\" data-e-type=\"widget\" data-widget_type=\"image.default\">\n\t\t\t\t<div class=\"elementor-widget-container\">\n\t\t\t\t\t\t\t\t\t\t\t\t\t\t\t<img decoding=\"async\" width=\"300\" height=\"300\" src=\"https:\/\/luckypops.com\/wp-content\/uploads\/2025\/08\/Pasen-FR-300x300.png\" class=\"attachment-medium size-medium wp-image-853\" alt=\"\" srcset=\"https:\/\/luckypops.com\/wp-content\/uploads\/2025\/08\/Pasen-FR-300x300.png 300w, https:\/\/luckypops.com\/wp-content\/uploads\/2025\/08\/Pasen-FR-150x150.png 150w, https:\/\/luckypops.com\/wp-content\/uploads\/2025\/08\/Pasen-FR-768x768.png 768w, https:\/\/luckypops.com\/wp-content\/uploads\/2025\/08\/Pasen-FR.png 1000w\" sizes=\"(max-width: 300px) 100vw, 300px\" \/>\t\t\t\t\t\t\t\t\t\t\t\t\t\t\t<\/div>\n\t\t\t\t<\/div>\n\t\t\t\t<\/div>\n\t\t\t\t\t<\/div>\n\t\t<\/div>\n\t\t\t\t\t\t<\/div>\n\t\t\t\t<\/div>\n\t\t\t\t\t<\/div>\n\t\t\t\t<\/div>\n\t\t<div class=\"elementor-element elementor-element-6b89cfe4 e-flex e-con-boxed e-con e-parent\" data-id=\"6b89cfe4\" data-element_type=\"container\" data-e-type=\"container\" id=\"ayrproducten\">\n\t\t\t\t\t<div class=\"e-con-inner\">\n\t\t<div class=\"elementor-element elementor-element-14fdc661 e-con-full e-flex e-con e-child\" data-id=\"14fdc661\" data-element_type=\"container\" data-e-type=\"container\">\n\t\t\t\t<div class=\"elementor-element elementor-element-360bbbec elementor-widget elementor-widget-image\" data-id=\"360bbbec\" data-element_type=\"widget\" data-e-type=\"widget\" data-widget_type=\"image.default\">\n\t\t\t\t<div class=\"elementor-widget-container\">\n\t\t\t\t\t\t\t\t\t\t\t\t\t\t\t<img decoding=\"async\" width=\"500\" height=\"500\" src=\"https:\/\/luckypops.com\/wp-content\/uploads\/2025\/08\/Pasen-konijn-single-pack.png\" class=\"attachment-large size-large wp-image-765\" alt=\"\" srcset=\"https:\/\/luckypops.com\/wp-content\/uploads\/2025\/08\/Pasen-konijn-single-pack.png 500w, https:\/\/luckypops.com\/wp-content\/uploads\/2025\/08\/Pasen-konijn-single-pack-300x300.png 300w, https:\/\/luckypops.com\/wp-content\/uploads\/2025\/08\/Pasen-konijn-single-pack-150x150.png 150w\" sizes=\"(max-width: 500px) 100vw, 500px\" \/>\t\t\t\t\t\t\t\t\t\t\t\t\t\t\t<\/div>\n\t\t\t\t<\/div>\n\t\t\t\t<div class=\"elementor-element elementor-element-46dc8252 elementor-widget elementor-widget-text-editor\" data-id=\"46dc8252\" data-element_type=\"widget\" data-e-type=\"widget\" data-widget_type=\"text-editor.default\">\n\t\t\t\t<div class=\"elementor-widget-container\">\n\t\t\t\t\t\t\t\t\t<h3>Single Pack Bunny<\/h3>\t\t\t\t\t\t\t\t<\/div>\n\t\t\t\t<\/div>\n\t\t\t\t<\/div>\n\t\t<div class=\"elementor-element elementor-element-34689f3e e-con-full e-flex e-con e-child\" data-id=\"34689f3e\" data-element_type=\"container\" data-e-type=\"container\">\n\t\t\t\t<div class=\"elementor-element elementor-element-5c2af883 elementor-widget elementor-widget-image\" data-id=\"5c2af883\" data-element_type=\"widget\" data-e-type=\"widget\" data-widget_type=\"image.default\">\n\t\t\t\t<div class=\"elementor-widget-container\">\n\t\t\t\t\t\t\t\t\t\t\t\t\t\t\t<img loading=\"lazy\" decoding=\"async\" width=\"500\" height=\"500\" src=\"https:\/\/luckypops.com\/wp-content\/uploads\/2025\/08\/Pasen-eend-single-pack.png\" class=\"attachment-large size-large wp-image-763\" alt=\"\" srcset=\"https:\/\/luckypops.com\/wp-content\/uploads\/2025\/08\/Pasen-eend-single-pack.png 500w, https:\/\/luckypops.com\/wp-content\/uploads\/2025\/08\/Pasen-eend-single-pack-300x300.png 300w, https:\/\/luckypops.com\/wp-content\/uploads\/2025\/08\/Pasen-eend-single-pack-150x150.png 150w\" sizes=\"(max-width: 500px) 100vw, 500px\" \/>\t\t\t\t\t\t\t\t\t\t\t\t\t\t\t<\/div>\n\t\t\t\t<\/div>\n\t\t\t\t<div class=\"elementor-element elementor-element-1d4b8d22 elementor-widget elementor-widget-text-editor\" data-id=\"1d4b8d22\" data-element_type=\"widget\" data-e-type=\"widget\" data-widget_type=\"text-editor.default\">\n\t\t\t\t<div class=\"elementor-widget-container\">\n\t\t\t\t\t\t\t\t\t<h3>Single Pack Duck<\/h3>\t\t\t\t\t\t\t\t<\/div>\n\t\t\t\t<\/div>\n\t\t\t\t<\/div>\n\t\t\t\t\t<\/div>\n\t\t\t\t<\/div>\n\t\t<div class=\"elementor-element elementor-element-3c5f81c8 e-flex e-con-boxed e-con e-parent\" data-id=\"3c5f81c8\" data-element_type=\"container\" data-e-type=\"container\">\n\t\t\t\t\t<div class=\"e-con-inner\">\n\t\t<div class=\"elementor-element elementor-element-3ccb4653 e-con-full e-flex e-con e-child\" data-id=\"3ccb4653\" data-element_type=\"container\" data-e-type=\"container\">\n\t\t\t\t<div class=\"elementor-element elementor-element-6d461caf elementor-widget elementor-widget-heading\" data-id=\"6d461caf\" data-element_type=\"widget\" data-e-type=\"widget\" data-widget_type=\"heading.default\">\n\t\t\t\t<div class=\"elementor-widget-container\">\n\t\t\t\t\t<h2 class=\"elementor-heading-title elementor-size-default\">Notre gamme\n<\/h2>\t\t\t\t<\/div>\n\t\t\t\t<\/div>\n\t\t\t\t<div class=\"elementor-element elementor-element-4ba4b3e5 elementor-skin-carousel elementor-arrows-yes elementor-pagination-type-bullets elementor-pagination-position-outside elementor-widget elementor-widget-media-carousel\" data-id=\"4ba4b3e5\" data-element_type=\"widget\" data-e-type=\"widget\" data-settings=\"{&quot;speed&quot;:200,&quot;skin&quot;:&quot;carousel&quot;,&quot;effect&quot;:&quot;slide&quot;,&quot;show_arrows&quot;:&quot;yes&quot;,&quot;pagination&quot;:&quot;bullets&quot;,&quot;autoplay&quot;:&quot;yes&quot;,&quot;autoplay_speed&quot;:5000,&quot;loop&quot;:&quot;yes&quot;,&quot;pause_on_hover&quot;:&quot;yes&quot;,&quot;pause_on_interaction&quot;:&quot;yes&quot;,&quot;space_between&quot;:{&quot;unit&quot;:&quot;px&quot;,&quot;size&quot;:10,&quot;sizes&quot;:[]},&quot;space_between_tablet&quot;:{&quot;unit&quot;:&quot;px&quot;,&quot;size&quot;:10,&quot;sizes&quot;:[]},&quot;space_between_mobile&quot;:{&quot;unit&quot;:&quot;px&quot;,&quot;size&quot;:10,&quot;sizes&quot;:[]}}\" data-widget_type=\"media-carousel.default\">\n\t\t\t\t<div class=\"elementor-widget-container\">\n\t\t\t\t\t\t\t\t\t<div class=\"elementor-swiper\">\n\t\t\t\t\t<div class=\"elementor-main-swiper swiper\" role=\"region\" aria-roledescription=\"carousel\" aria-label=\"Slides\">\n\t\t\t\t<div class=\"swiper-wrapper\">\n\t\t\t\t\t\t\t\t\t\t\t<div class=\"swiper-slide\" role=\"group\" aria-roledescription=\"slide\">\n\t\t\t\t\t\t\t<a href=\"https:\/\/luckypops.com\/fr\/lucky\/\">\t\t<div class=\"elementor-carousel-image\" role=\"img\" aria-label=\"Producten Lucky Pops Website (4)\" style=\"background-image: url(&#039;https:\/\/luckypops.com\/wp-content\/uploads\/2025\/07\/Producten-Lucky-Pops-Website-4.png&#039;)\">\n\n\t\t\t\n\t\t\t\t\t<\/div>\n\t\t<\/a>\t\t\t\t\t\t<\/div>\n\t\t\t\t\t\t\t\t\t\t\t<div class=\"swiper-slide\" role=\"group\" aria-roledescription=\"slide\">\n\t\t\t\t\t\t\t<a href=\"https:\/\/luckypops.com\/fr\/lucky\/\">\t\t<div class=\"elementor-carousel-image\" role=\"img\" aria-label=\"AYR Lucky 3 pack\" style=\"background-image: url(&#039;https:\/\/luckypops.com\/wp-content\/uploads\/2025\/08\/AYR-Lucky-3-pack.png&#039;)\">\n\n\t\t\t\n\t\t\t\t\t<\/div>\n\t\t<\/a>\t\t\t\t\t\t<\/div>\n\t\t\t\t\t\t\t\t\t\t\t<div class=\"swiper-slide\" role=\"group\" aria-roledescription=\"slide\">\n\t\t\t\t\t\t\t<a href=\"http:\/\/luckypops.com\/fr\/saint-nicholas\/\">\t\t<div class=\"elementor-carousel-image\" role=\"img\" aria-label=\"LP_Sint_display\" style=\"background-image: url(&#039;https:\/\/luckypops.com\/wp-content\/uploads\/2025\/08\/LP_Sint_display.png&#039;)\">\n\n\t\t\t\n\t\t\t\t\t<\/div>\n\t\t<\/a>\t\t\t\t\t\t<\/div>\n\t\t\t\t\t\t\t\t\t\t\t<div class=\"swiper-slide\" role=\"group\" aria-roledescription=\"slide\">\n\t\t\t\t\t\t\t<a href=\"https:\/\/luckypops.com\/fr\/christmas\/\">\t\t<div class=\"elementor-carousel-image\" role=\"img\" aria-label=\"Santa display\" style=\"background-image: url(&#039;https:\/\/luckypops.com\/wp-content\/uploads\/2025\/09\/Santa-display.png&#039;)\">\n\n\t\t\t\n\t\t\t\t\t<\/div>\n\t\t<\/a>\t\t\t\t\t\t<\/div>\n\t\t\t\t\t\t\t\t\t\t\t<div class=\"swiper-slide\" role=\"group\" aria-roledescription=\"slide\">\n\t\t\t\t\t\t\t<a href=\"https:\/\/luckypops.com\/fr\/christmas\/\">\t\t<div class=\"elementor-carousel-image\" role=\"img\" aria-label=\"Lucky Kerst Display\" style=\"background-image: url(&#039;https:\/\/luckypops.com\/wp-content\/uploads\/2025\/08\/Lucky-Kerst-Display.png&#039;)\">\n\n\t\t\t\n\t\t\t\t\t<\/div>\n\t\t<\/a>\t\t\t\t\t\t<\/div>\n\t\t\t\t\t\t\t\t\t\t\t<div class=\"swiper-slide\" role=\"group\" aria-roledescription=\"slide\">\n\t\t\t\t\t\t\t<a href=\"https:\/\/luckypops.com\/fr\/easter\/\">\t\t<div class=\"elementor-carousel-image\" role=\"img\" aria-label=\"LP_Pasen_display\" style=\"background-image: url(&#039;https:\/\/luckypops.com\/wp-content\/uploads\/2025\/08\/LP_Pasen_display.png&#039;)\">\n\n\t\t\t\n\t\t\t\t\t<\/div>\n\t\t<\/a>\t\t\t\t\t\t<\/div>\n\t\t\t\t\t\t\t\t\t<\/div>\n\t\t\t\t\t\t\t\t\t\t\t\t\t\t\t<div class=\"elementor-swiper-button elementor-swiper-button-prev\" role=\"button\" tabindex=\"0\" aria-label=\"Pr\u00e9c\u00e9dent\">\n\t\t\t\t\t\t\t<svg aria-hidden=\"true\" class=\"e-font-icon-svg e-eicon-chevron-left\" viewBox=\"0 0 1000 1000\" xmlns=\"http:\/\/www.w3.org\/2000\/svg\"><path d=\"M646 125C629 125 613 133 604 142L308 442C296 454 292 471 292 487 292 504 296 521 308 533L604 854C617 867 629 875 646 875 663 875 679 871 692 858 704 846 713 829 713 812 713 796 708 779 692 767L438 487 692 225C700 217 708 204 708 187 708 171 704 154 692 142 675 129 663 125 646 125Z\"><\/path><\/svg>\t\t\t\t\t\t<\/div>\n\t\t\t\t\t\t<div class=\"elementor-swiper-button elementor-swiper-button-next\" role=\"button\" tabindex=\"0\" aria-label=\"Suivant\">\n\t\t\t\t\t\t\t<svg aria-hidden=\"true\" class=\"e-font-icon-svg e-eicon-chevron-right\" viewBox=\"0 0 1000 1000\" xmlns=\"http:\/\/www.w3.org\/2000\/svg\"><path d=\"M696 533C708 521 713 504 713 487 713 471 708 454 696 446L400 146C388 133 375 125 354 125 338 125 325 129 313 142 300 154 292 171 292 187 292 204 296 221 308 233L563 492 304 771C292 783 288 800 288 817 288 833 296 850 308 863 321 871 338 875 354 875 371 875 388 867 400 854L696 533Z\"><\/path><\/svg>\t\t\t\t\t\t<\/div>\n\t\t\t\t\t\t\t\t\t\t\t\t\t\t\t\t<div class=\"swiper-pagination\"><\/div>\n\t\t\t\t\t\t\t\t\t\t\t\t<\/div>\n\t\t\t\t<\/div>\n\t\t\t\t\t\t\t\t<\/div>\n\t\t\t\t<\/div>\n\t\t\t\t<\/div>\n\t\t\t\t\t<\/div>\n\t\t\t\t<\/div>\n\t\t\t\t<\/div>\n\t\t","protected":false},"excerpt":{"rendered":"<p>Lapin Davy &amp; Canard Daffy Salut, nous sommes Lapin Davy et Canard Daffy ! Nous sautons et chicanons avec des paniers remplis de chocolat belge, \u00e0 la recherche d&#8217;endroits o\u00f9 cacher mes Lucky Pops. Tu en trouves un ? Tu auras alors non seulement une d\u00e9licieuse friandise, mais aussi un petit moment de bonheur. Partirez-vous [&hellip;]<\/p>\n","protected":false},"author":6,"featured_media":0,"parent":0,"menu_order":0,"comment_status":"closed","ping_status":"closed","template":"","meta":{"_acf_changed":false,"footnotes":""},"class_list":["post-851","page","type-page","status-publish","hentry"],"acf":[],"yoast_head":"<!-- This site is optimized with the Yoast SEO plugin v27.0 - https:\/\/yoast.com\/product\/yoast-seo-wordpress\/ -->\n<title>P\u00e2ques<\/title>\n<meta name=\"robots\" content=\"index, follow, max-snippet:-1, max-image-preview:large, max-video-preview:-1\" \/>\n<link rel=\"canonical\" href=\"https:\/\/luckypops.com\/fr\/easter\/\" \/>\n<meta property=\"og:locale\" content=\"fr_FR\" \/>\n<meta property=\"og:type\" content=\"article\" \/>\n<meta property=\"og:title\" content=\"P\u00e2ques\" \/>\n<meta property=\"og:description\" content=\"Lapin Davy &amp; Canard Daffy Salut, nous sommes Lapin Davy et Canard Daffy ! Nous sautons et chicanons avec des paniers remplis de chocolat belge, \u00e0 la recherche d&#8217;endroits o\u00f9 cacher mes Lucky Pops. Tu en trouves un ? Tu auras alors non seulement une d\u00e9licieuse friandise, mais aussi un petit moment de bonheur. Partirez-vous [&hellip;]\" \/>\n<meta property=\"og:url\" content=\"https:\/\/luckypops.com\/fr\/easter\/\" \/>\n<meta property=\"og:site_name\" content=\"Lucky Pops\" \/>\n<meta property=\"article:modified_time\" content=\"2026-03-03T08:23:11+00:00\" \/>\n<meta property=\"og:image\" content=\"https:\/\/luckypops.com\/wp-content\/uploads\/2025\/08\/LP_Pasen_display.png\" \/>\n\t<meta property=\"og:image:width\" content=\"500\" \/>\n\t<meta property=\"og:image:height\" content=\"500\" \/>\n\t<meta property=\"og:image:type\" content=\"image\/png\" \/>\n<meta name=\"twitter:card\" content=\"summary_large_image\" \/>\n<meta name=\"twitter:label1\" content=\"Dur\u00e9e de lecture estim\u00e9e\" \/>\n\t<meta name=\"twitter:data1\" content=\"2 minutes\" \/>\n<script type=\"application\/ld+json\" class=\"yoast-schema-graph\">{\"@context\":\"https:\/\/schema.org\",\"@graph\":[{\"@type\":\"WebPage\",\"@id\":\"https:\/\/luckypops.com\/fr\/easter\/\",\"url\":\"https:\/\/luckypops.com\/fr\/easter\/\",\"name\":\"P\u00e2ques\",\"isPartOf\":{\"@id\":\"https:\/\/luckypops-com.apache34.websrv.be\/#website\"},\"primaryImageOfPage\":{\"@id\":\"https:\/\/luckypops.com\/fr\/easter\/#primaryimage\"},\"image\":{\"@id\":\"https:\/\/luckypops.com\/fr\/easter\/#primaryimage\"},\"thumbnailUrl\":\"https:\/\/luckypops.com\/wp-content\/uploads\/2025\/08\/LP_Pasen_display.png\",\"datePublished\":\"2025-08-21T07:49:44+00:00\",\"dateModified\":\"2026-03-03T08:23:11+00:00\",\"breadcrumb\":{\"@id\":\"https:\/\/luckypops.com\/fr\/easter\/#breadcrumb\"},\"inLanguage\":\"fr-FR\",\"potentialAction\":[{\"@type\":\"ReadAction\",\"target\":[\"https:\/\/luckypops.com\/fr\/easter\/\"]}]},{\"@type\":\"ImageObject\",\"inLanguage\":\"fr-FR\",\"@id\":\"https:\/\/luckypops.com\/fr\/easter\/#primaryimage\",\"url\":\"https:\/\/luckypops.com\/wp-content\/uploads\/2025\/08\/LP_Pasen_display.png\",\"contentUrl\":\"https:\/\/luckypops.com\/wp-content\/uploads\/2025\/08\/LP_Pasen_display.png\"},{\"@type\":\"BreadcrumbList\",\"@id\":\"https:\/\/luckypops.com\/fr\/easter\/#breadcrumb\",\"itemListElement\":[{\"@type\":\"ListItem\",\"position\":1,\"name\":\"Home\",\"item\":\"https:\/\/luckypops.com\/fr\/\"},{\"@type\":\"ListItem\",\"position\":2,\"name\":\"Produit &#8211; P\u00e2ques\"}]},{\"@type\":\"WebSite\",\"@id\":\"https:\/\/luckypops-com.apache34.websrv.be\/#website\",\"url\":\"https:\/\/luckypops-com.apache34.websrv.be\/\",\"name\":\"Lucky Pops\",\"description\":\"\",\"publisher\":{\"@id\":\"https:\/\/luckypops-com.apache34.websrv.be\/#organization\"},\"potentialAction\":[{\"@type\":\"SearchAction\",\"target\":{\"@type\":\"EntryPoint\",\"urlTemplate\":\"https:\/\/luckypops-com.apache34.websrv.be\/?s={search_term_string}\"},\"query-input\":{\"@type\":\"PropertyValueSpecification\",\"valueRequired\":true,\"valueName\":\"search_term_string\"}}],\"inLanguage\":\"fr-FR\"},{\"@type\":\"Organization\",\"@id\":\"https:\/\/luckypops-com.apache34.websrv.be\/#organization\",\"name\":\"Lucky Pops\",\"url\":\"https:\/\/luckypops-com.apache34.websrv.be\/\",\"logo\":{\"@type\":\"ImageObject\",\"inLanguage\":\"fr-FR\",\"@id\":\"https:\/\/luckypops-com.apache34.websrv.be\/#\/schema\/logo\/image\/\",\"url\":\"https:\/\/luckypops.com\/wp-content\/uploads\/2024\/11\/LuckyPopsLogo.png\",\"contentUrl\":\"https:\/\/luckypops.com\/wp-content\/uploads\/2024\/11\/LuckyPopsLogo.png\",\"width\":2418,\"height\":1833,\"caption\":\"Lucky Pops\"},\"image\":{\"@id\":\"https:\/\/luckypops-com.apache34.websrv.be\/#\/schema\/logo\/image\/\"}}]}<\/script>\n<!-- \/ Yoast SEO plugin. -->","yoast_head_json":{"title":"P\u00e2ques","robots":{"index":"index","follow":"follow","max-snippet":"max-snippet:-1","max-image-preview":"max-image-preview:large","max-video-preview":"max-video-preview:-1"},"canonical":"https:\/\/luckypops.com\/fr\/easter\/","og_locale":"fr_FR","og_type":"article","og_title":"P\u00e2ques","og_description":"Lapin Davy &amp; Canard Daffy Salut, nous sommes Lapin Davy et Canard Daffy ! Nous sautons et chicanons avec des paniers remplis de chocolat belge, \u00e0 la recherche d&#8217;endroits o\u00f9 cacher mes Lucky Pops. Tu en trouves un ? Tu auras alors non seulement une d\u00e9licieuse friandise, mais aussi un petit moment de bonheur. Partirez-vous [&hellip;]","og_url":"https:\/\/luckypops.com\/fr\/easter\/","og_site_name":"Lucky Pops","article_modified_time":"2026-03-03T08:23:11+00:00","og_image":[{"width":500,"height":500,"url":"https:\/\/luckypops.com\/wp-content\/uploads\/2025\/08\/LP_Pasen_display.png","type":"image\/png"}],"twitter_card":"summary_large_image","twitter_misc":{"Dur\u00e9e de lecture estim\u00e9e":"2 minutes"},"schema":{"@context":"https:\/\/schema.org","@graph":[{"@type":"WebPage","@id":"https:\/\/luckypops.com\/fr\/easter\/","url":"https:\/\/luckypops.com\/fr\/easter\/","name":"P\u00e2ques","isPartOf":{"@id":"https:\/\/luckypops-com.apache34.websrv.be\/#website"},"primaryImageOfPage":{"@id":"https:\/\/luckypops.com\/fr\/easter\/#primaryimage"},"image":{"@id":"https:\/\/luckypops.com\/fr\/easter\/#primaryimage"},"thumbnailUrl":"https:\/\/luckypops.com\/wp-content\/uploads\/2025\/08\/LP_Pasen_display.png","datePublished":"2025-08-21T07:49:44+00:00","dateModified":"2026-03-03T08:23:11+00:00","breadcrumb":{"@id":"https:\/\/luckypops.com\/fr\/easter\/#breadcrumb"},"inLanguage":"fr-FR","potentialAction":[{"@type":"ReadAction","target":["https:\/\/luckypops.com\/fr\/easter\/"]}]},{"@type":"ImageObject","inLanguage":"fr-FR","@id":"https:\/\/luckypops.com\/fr\/easter\/#primaryimage","url":"https:\/\/luckypops.com\/wp-content\/uploads\/2025\/08\/LP_Pasen_display.png","contentUrl":"https:\/\/luckypops.com\/wp-content\/uploads\/2025\/08\/LP_Pasen_display.png"},{"@type":"BreadcrumbList","@id":"https:\/\/luckypops.com\/fr\/easter\/#breadcrumb","itemListElement":[{"@type":"ListItem","position":1,"name":"Home","item":"https:\/\/luckypops.com\/fr\/"},{"@type":"ListItem","position":2,"name":"Produit &#8211; P\u00e2ques"}]},{"@type":"WebSite","@id":"https:\/\/luckypops-com.apache34.websrv.be\/#website","url":"https:\/\/luckypops-com.apache34.websrv.be\/","name":"Lucky Pops","description":"","publisher":{"@id":"https:\/\/luckypops-com.apache34.websrv.be\/#organization"},"potentialAction":[{"@type":"SearchAction","target":{"@type":"EntryPoint","urlTemplate":"https:\/\/luckypops-com.apache34.websrv.be\/?s={search_term_string}"},"query-input":{"@type":"PropertyValueSpecification","valueRequired":true,"valueName":"search_term_string"}}],"inLanguage":"fr-FR"},{"@type":"Organization","@id":"https:\/\/luckypops-com.apache34.websrv.be\/#organization","name":"Lucky Pops","url":"https:\/\/luckypops-com.apache34.websrv.be\/","logo":{"@type":"ImageObject","inLanguage":"fr-FR","@id":"https:\/\/luckypops-com.apache34.websrv.be\/#\/schema\/logo\/image\/","url":"https:\/\/luckypops.com\/wp-content\/uploads\/2024\/11\/LuckyPopsLogo.png","contentUrl":"https:\/\/luckypops.com\/wp-content\/uploads\/2024\/11\/LuckyPopsLogo.png","width":2418,"height":1833,"caption":"Lucky Pops"},"image":{"@id":"https:\/\/luckypops-com.apache34.websrv.be\/#\/schema\/logo\/image\/"}}]}},"_links":{"self":[{"href":"https:\/\/luckypops.com\/fr\/wp-json\/wp\/v2\/pages\/851","targetHints":{"allow":["GET"]}}],"collection":[{"href":"https:\/\/luckypops.com\/fr\/wp-json\/wp\/v2\/pages"}],"about":[{"href":"https:\/\/luckypops.com\/fr\/wp-json\/wp\/v2\/types\/page"}],"author":[{"embeddable":true,"href":"https:\/\/luckypops.com\/fr\/wp-json\/wp\/v2\/users\/6"}],"replies":[{"embeddable":true,"href":"https:\/\/luckypops.com\/fr\/wp-json\/wp\/v2\/comments?post=851"}],"version-history":[{"count":22,"href":"https:\/\/luckypops.com\/fr\/wp-json\/wp\/v2\/pages\/851\/revisions"}],"predecessor-version":[{"id":2398,"href":"https:\/\/luckypops.com\/fr\/wp-json\/wp\/v2\/pages\/851\/revisions\/2398"}],"wp:attachment":[{"href":"https:\/\/luckypops.com\/fr\/wp-json\/wp\/v2\/media?parent=851"}],"curies":[{"name":"wp","href":"https:\/\/api.w.org\/{rel}","templated":true}]}}