{"id":868,"date":"2025-08-21T07:50:16","date_gmt":"2025-08-21T07:50:16","guid":{"rendered":"https:\/\/luckypops.com\/?page_id=868"},"modified":"2025-10-02T14:37:31","modified_gmt":"2025-10-02T14:37:31","slug":"saint-nicholas","status":"publish","type":"page","link":"https:\/\/luckypops.com\/fr\/saint-nicholas\/","title":{"rendered":"Produit &#8211; Saint-Nicholas"},"content":{"rendered":"\t\t<div data-elementor-type=\"wp-page\" data-elementor-id=\"868\" class=\"elementor elementor-868 elementor-718\" data-elementor-post-type=\"page\">\n\t\t\t\t<div class=\"elementor-element elementor-element-53e989db e-flex e-con-boxed e-con e-parent\" data-id=\"53e989db\" data-element_type=\"container\" data-e-type=\"container\">\n\t\t\t\t\t<div class=\"e-con-inner\">\n\t\t<div class=\"elementor-element elementor-element-1acf4601 e-con-full e-flex e-con e-child\" data-id=\"1acf4601\" data-element_type=\"container\" data-e-type=\"container\">\n\t\t\t\t<div class=\"elementor-element elementor-element-67c600d2 elementor-widget elementor-widget-image\" data-id=\"67c600d2\" data-element_type=\"widget\" data-e-type=\"widget\" data-widget_type=\"image.default\">\n\t\t\t\t<div class=\"elementor-widget-container\">\n\t\t\t\t\t\t\t\t\t\t\t\t\t\t\t<img fetchpriority=\"high\" decoding=\"async\" width=\"500\" height=\"500\" src=\"https:\/\/luckypops.com\/wp-content\/uploads\/2025\/08\/LP_Sint_display.png\" class=\"attachment-large size-large wp-image-746\" alt=\"\" srcset=\"https:\/\/luckypops.com\/wp-content\/uploads\/2025\/08\/LP_Sint_display.png 500w, https:\/\/luckypops.com\/wp-content\/uploads\/2025\/08\/LP_Sint_display-300x300.png 300w, https:\/\/luckypops.com\/wp-content\/uploads\/2025\/08\/LP_Sint_display-150x150.png 150w\" sizes=\"(max-width: 500px) 100vw, 500px\" \/>\t\t\t\t\t\t\t\t\t\t\t\t\t\t\t<\/div>\n\t\t\t\t<\/div>\n\t\t\t\t<\/div>\n\t\t<div class=\"elementor-element elementor-element-28e3cc0c e-con-full e-flex e-con e-child\" data-id=\"28e3cc0c\" data-element_type=\"container\" data-e-type=\"container\">\n\t\t<div class=\"elementor-element elementor-element-56845cfa e-con-full e-flex e-con e-child\" data-id=\"56845cfa\" data-element_type=\"container\" data-e-type=\"container\">\n\t\t\t\t<div class=\"elementor-element elementor-element-253fad48 elementor-widget elementor-widget-text-editor\" data-id=\"253fad48\" data-element_type=\"widget\" data-e-type=\"widget\" data-widget_type=\"text-editor.default\">\n\t\t\t\t<div class=\"elementor-widget-container\">\n\t\t\t\t\t\t\t\t\t<h2>St Nicholas Nick<\/h2><p><span style=\"font-weight: 400;\">Salut, moi c\u2019est<\/span>\u00a0St Nicholas Nick ! Je ne viens pas seulement avec des cadeaux, mais aussi avec des petits moments de bonheur sous la forme de d\u00e9licieux chocolats belges. Mes Lucky Pops sont id\u00e9ales pour trouver dans votre chaussure ou pour partager avec celui ou celle qui a \u00e9t\u00e9 super courageux cette ann\u00e9e. Alors&#8230; qui allez-vous surprendre avec une touche de bonheur aujourd&#8217;hui ?<\/p>\t\t\t\t\t\t\t\t<\/div>\n\t\t\t\t<\/div>\n\t\t\t\t<\/div>\n\t\t\t\t<\/div>\n\t\t\t\t\t<\/div>\n\t\t\t\t<\/div>\n\t\t<div class=\"elementor-element elementor-element-567488c0 e-flex e-con-boxed e-con e-parent\" data-id=\"567488c0\" data-element_type=\"container\" data-e-type=\"container\">\n\t\t\t\t\t<div class=\"e-con-inner\">\n\t\t\t\t<div class=\"elementor-element elementor-element-5b690288 e-n-tabs-mobile elementor-widget elementor-widget-n-tabs\" data-id=\"5b690288\" data-element_type=\"widget\" data-e-type=\"widget\" data-settings=\"{&quot;tabs_justify_horizontal&quot;:&quot;center&quot;,&quot;horizontal_scroll&quot;:&quot;disable&quot;}\" data-widget_type=\"nested-tabs.default\">\n\t\t\t\t<div class=\"elementor-widget-container\">\n\t\t\t\t\t\t\t<div class=\"e-n-tabs\" data-widget-number=\"1533608584\" aria-label=\"Onglets. Ouvrez des \u00e9l\u00e9ments avec Entrer ou Espace, fermez-les avec Echape et naviguez \u00e0 l&#039;aide des touches fl\u00e9ch\u00e9es.\">\n\t\t\t<div class=\"e-n-tabs-heading\" role=\"tablist\">\n\t\t\t\t\t<button id=\"e-n-tab-title-15336085841\" data-tab-title-id=\"e-n-tab-title-15336085841\" class=\"e-n-tab-title\" aria-selected=\"true\" data-tab-index=\"1\" role=\"tab\" tabindex=\"0\" aria-controls=\"e-n-tab-content-15336085841\" style=\"--n-tabs-title-order: 1;\">\n\t\t\t\t\t\t<span class=\"e-n-tab-title-text\">\n\t\t\t\tIngredi\u00ebnten\t\t\t<\/span>\n\t\t<\/button>\n\t\t\t\t<button id=\"e-n-tab-title-15336085842\" data-tab-title-id=\"e-n-tab-title-15336085842\" class=\"e-n-tab-title\" aria-selected=\"false\" data-tab-index=\"2\" role=\"tab\" tabindex=\"-1\" aria-controls=\"e-n-tab-content-15336085842\" style=\"--n-tabs-title-order: 2;\">\n\t\t\t\t\t\t<span class=\"e-n-tab-title-text\">\n\t\t\t\tVoedingswaarden\t\t\t<\/span>\n\t\t<\/button>\n\t\t\t\t\t<\/div>\n\t\t\t<div class=\"e-n-tabs-content\">\n\t\t\t\t<div id=\"e-n-tab-content-15336085841\" role=\"tabpanel\" aria-labelledby=\"e-n-tab-title-15336085841\" data-tab-index=\"1\" style=\"--n-tabs-title-order: 1;\" class=\"e-active elementor-element elementor-element-50db14d1 e-con-full e-flex e-con e-child\" data-id=\"50db14d1\" data-element_type=\"container\" data-e-type=\"container\">\n\t\t\t\t<div class=\"elementor-element elementor-element-7e220d04 elementor-widget elementor-widget-text-editor\" data-id=\"7e220d04\" data-element_type=\"widget\" data-e-type=\"widget\" data-widget_type=\"text-editor.default\">\n\t\t\t\t<div class=\"elementor-widget-container\">\n\t\t\t\t\t\t\t\t\t<p>Sucre, beurre de cacao, <b>LAIT entier en poudre<\/b>, <b>LAIT<br \/>\u00e9cr\u00e9m\u00e9 en poudre<\/b>, masse de cacao, \u00e9mulsifiant: l\u00e9cithines,<br \/>ar\u00f4me(s): ar\u00f4me naturel de vanille, aliment(s) colorant(s): patate<br \/>douce, carotte.<\/p>\t\t\t\t\t\t\t\t<\/div>\n\t\t\t\t<\/div>\n\t\t\t\t<\/div>\n\t\t<div id=\"e-n-tab-content-15336085842\" role=\"tabpanel\" aria-labelledby=\"e-n-tab-title-15336085842\" data-tab-index=\"2\" style=\"--n-tabs-title-order: 2;\" class=\" elementor-element elementor-element-74d08856 e-con-full e-flex e-con e-child\" data-id=\"74d08856\" data-element_type=\"container\" data-e-type=\"container\">\n\t\t\t\t<div class=\"elementor-element elementor-element-100a6b9c elementor-widget elementor-widget-image\" data-id=\"100a6b9c\" data-element_type=\"widget\" data-e-type=\"widget\" data-widget_type=\"image.default\">\n\t\t\t\t<div class=\"elementor-widget-container\">\n\t\t\t\t\t\t\t\t\t\t\t\t\t\t\t<img decoding=\"async\" width=\"300\" height=\"300\" src=\"https:\/\/luckypops.com\/wp-content\/uploads\/2025\/08\/Sint-FR-300x300.png\" class=\"attachment-medium size-medium wp-image-869\" alt=\"\" srcset=\"https:\/\/luckypops.com\/wp-content\/uploads\/2025\/08\/Sint-FR-300x300.png 300w, https:\/\/luckypops.com\/wp-content\/uploads\/2025\/08\/Sint-FR-150x150.png 150w, https:\/\/luckypops.com\/wp-content\/uploads\/2025\/08\/Sint-FR-768x768.png 768w, https:\/\/luckypops.com\/wp-content\/uploads\/2025\/08\/Sint-FR.png 1000w\" sizes=\"(max-width: 300px) 100vw, 300px\" \/>\t\t\t\t\t\t\t\t\t\t\t\t\t\t\t<\/div>\n\t\t\t\t<\/div>\n\t\t\t\t<\/div>\n\t\t\t\t\t<\/div>\n\t\t<\/div>\n\t\t\t\t\t\t<\/div>\n\t\t\t\t<\/div>\n\t\t\t\t\t<\/div>\n\t\t\t\t<\/div>\n\t\t<div class=\"elementor-element elementor-element-5bae30ca e-flex e-con-boxed e-con e-parent\" data-id=\"5bae30ca\" data-element_type=\"container\" data-e-type=\"container\" id=\"ayrproducten\">\n\t\t\t\t\t<div class=\"e-con-inner\">\n\t\t<div class=\"elementor-element elementor-element-462b83ff e-con-full e-flex e-con e-child\" data-id=\"462b83ff\" data-element_type=\"container\" data-e-type=\"container\">\n\t\t\t\t<div class=\"elementor-element elementor-element-4794db73 elementor-widget elementor-widget-image\" data-id=\"4794db73\" data-element_type=\"widget\" data-e-type=\"widget\" data-widget_type=\"image.default\">\n\t\t\t\t<div class=\"elementor-widget-container\">\n\t\t\t\t\t\t\t\t\t\t\t\t\t\t\t<img decoding=\"async\" width=\"500\" height=\"500\" src=\"https:\/\/luckypops.com\/wp-content\/uploads\/2025\/08\/Sint-single-pack.png\" class=\"attachment-large size-large wp-image-770\" alt=\"\" srcset=\"https:\/\/luckypops.com\/wp-content\/uploads\/2025\/08\/Sint-single-pack.png 500w, https:\/\/luckypops.com\/wp-content\/uploads\/2025\/08\/Sint-single-pack-300x300.png 300w, https:\/\/luckypops.com\/wp-content\/uploads\/2025\/08\/Sint-single-pack-150x150.png 150w\" sizes=\"(max-width: 500px) 100vw, 500px\" \/>\t\t\t\t\t\t\t\t\t\t\t\t\t\t\t<\/div>\n\t\t\t\t<\/div>\n\t\t\t\t<div class=\"elementor-element elementor-element-5dec1685 elementor-widget elementor-widget-text-editor\" data-id=\"5dec1685\" data-element_type=\"widget\" data-e-type=\"widget\" data-widget_type=\"text-editor.default\">\n\t\t\t\t<div class=\"elementor-widget-container\">\n\t\t\t\t\t\t\t\t\t<h3>Single Pack<\/h3>\t\t\t\t\t\t\t\t<\/div>\n\t\t\t\t<\/div>\n\t\t\t\t<\/div>\n\t\t\t\t\t<\/div>\n\t\t\t\t<\/div>\n\t\t<div class=\"elementor-element elementor-element-6c359980 e-flex e-con-boxed e-con e-parent\" data-id=\"6c359980\" data-element_type=\"container\" data-e-type=\"container\">\n\t\t\t\t\t<div class=\"e-con-inner\">\n\t\t<div class=\"elementor-element elementor-element-3cdb8627 e-con-full e-flex e-con e-child\" data-id=\"3cdb8627\" data-element_type=\"container\" data-e-type=\"container\">\n\t\t\t\t<div class=\"elementor-element elementor-element-4ed2e5d7 elementor-widget elementor-widget-heading\" data-id=\"4ed2e5d7\" data-element_type=\"widget\" data-e-type=\"widget\" data-widget_type=\"heading.default\">\n\t\t\t\t<div class=\"elementor-widget-container\">\n\t\t\t\t\t<h2 class=\"elementor-heading-title elementor-size-default\">Notre gamme<\/h2>\t\t\t\t<\/div>\n\t\t\t\t<\/div>\n\t\t\t\t<div class=\"elementor-element elementor-element-116b6431 elementor-skin-carousel elementor-arrows-yes elementor-pagination-type-bullets elementor-pagination-position-outside elementor-widget elementor-widget-media-carousel\" data-id=\"116b6431\" data-element_type=\"widget\" data-e-type=\"widget\" data-settings=\"{&quot;speed&quot;:200,&quot;skin&quot;:&quot;carousel&quot;,&quot;effect&quot;:&quot;slide&quot;,&quot;show_arrows&quot;:&quot;yes&quot;,&quot;pagination&quot;:&quot;bullets&quot;,&quot;autoplay&quot;:&quot;yes&quot;,&quot;autoplay_speed&quot;:5000,&quot;loop&quot;:&quot;yes&quot;,&quot;pause_on_hover&quot;:&quot;yes&quot;,&quot;pause_on_interaction&quot;:&quot;yes&quot;,&quot;space_between&quot;:{&quot;unit&quot;:&quot;px&quot;,&quot;size&quot;:10,&quot;sizes&quot;:[]},&quot;space_between_tablet&quot;:{&quot;unit&quot;:&quot;px&quot;,&quot;size&quot;:10,&quot;sizes&quot;:[]},&quot;space_between_mobile&quot;:{&quot;unit&quot;:&quot;px&quot;,&quot;size&quot;:10,&quot;sizes&quot;:[]}}\" data-widget_type=\"media-carousel.default\">\n\t\t\t\t<div class=\"elementor-widget-container\">\n\t\t\t\t\t\t\t\t\t<div class=\"elementor-swiper\">\n\t\t\t\t\t<div class=\"elementor-main-swiper swiper\" role=\"region\" aria-roledescription=\"carousel\" aria-label=\"Slides\">\n\t\t\t\t<div class=\"swiper-wrapper\">\n\t\t\t\t\t\t\t\t\t\t\t<div class=\"swiper-slide\" role=\"group\" aria-roledescription=\"slide\">\n\t\t\t\t\t\t\t<a href=\"https:\/\/luckypops.com\/fr\/lucky\/\">\t\t<div class=\"elementor-carousel-image\" role=\"img\" aria-label=\"Lucky AYR Display\" style=\"background-image: url(&#039;https:\/\/luckypops.com\/wp-content\/uploads\/2025\/07\/Producten-Lucky-Pops-Website-4.png&#039;)\">\n\n\t\t\t\n\t\t\t\t\t<\/div>\n\t\t<\/a>\t\t\t\t\t\t<\/div>\n\t\t\t\t\t\t\t\t\t\t\t<div class=\"swiper-slide\" role=\"group\" aria-roledescription=\"slide\">\n\t\t\t\t\t\t\t<a href=\"https:\/\/luckypops.com\/fr\/lucky\/\">\t\t<div class=\"elementor-carousel-image\" role=\"img\" aria-label=\"AYR Lucky 3 pack\" style=\"background-image: url(&#039;https:\/\/luckypops.com\/wp-content\/uploads\/2025\/08\/AYR-Lucky-3-pack.png&#039;)\">\n\n\t\t\t\n\t\t\t\t\t<\/div>\n\t\t<\/a>\t\t\t\t\t\t<\/div>\n\t\t\t\t\t\t\t\t\t\t\t<div class=\"swiper-slide\" role=\"group\" aria-roledescription=\"slide\">\n\t\t\t\t\t\t\t<a href=\"https:\/\/luckypops.com\/fr\/saint-nicholas\/\">\t\t<div class=\"elementor-carousel-image\" role=\"img\" aria-label=\"LP_Sint_display\" style=\"background-image: url(&#039;https:\/\/luckypops.com\/wp-content\/uploads\/2025\/08\/LP_Sint_display.png&#039;)\">\n\n\t\t\t\n\t\t\t\t\t<\/div>\n\t\t<\/a>\t\t\t\t\t\t<\/div>\n\t\t\t\t\t\t\t\t\t\t\t<div class=\"swiper-slide\" role=\"group\" aria-roledescription=\"slide\">\n\t\t\t\t\t\t\t<a href=\"https:\/\/luckypops.com\/fr\/christmas\/\">\t\t<div class=\"elementor-carousel-image\" role=\"img\" aria-label=\"Santa display\" style=\"background-image: url(&#039;https:\/\/luckypops.com\/wp-content\/uploads\/2025\/09\/Santa-display.png&#039;)\">\n\n\t\t\t\n\t\t\t\t\t<\/div>\n\t\t<\/a>\t\t\t\t\t\t<\/div>\n\t\t\t\t\t\t\t\t\t\t\t<div class=\"swiper-slide\" role=\"group\" aria-roledescription=\"slide\">\n\t\t\t\t\t\t\t<a href=\"https:\/\/luckypops.com\/fr\/christmas\/\">\t\t<div class=\"elementor-carousel-image\" role=\"img\" aria-label=\"Lucky Kerst Display\" style=\"background-image: url(&#039;https:\/\/luckypops.com\/wp-content\/uploads\/2025\/08\/Lucky-Kerst-Display.png&#039;)\">\n\n\t\t\t\n\t\t\t\t\t<\/div>\n\t\t<\/a>\t\t\t\t\t\t<\/div>\n\t\t\t\t\t\t\t\t\t<\/div>\n\t\t\t\t\t\t\t\t\t\t\t\t\t\t\t<div class=\"elementor-swiper-button elementor-swiper-button-prev\" role=\"button\" tabindex=\"0\" aria-label=\"Pr\u00e9c\u00e9dent\">\n\t\t\t\t\t\t\t<svg aria-hidden=\"true\" class=\"e-font-icon-svg e-eicon-chevron-left\" viewBox=\"0 0 1000 1000\" xmlns=\"http:\/\/www.w3.org\/2000\/svg\"><path d=\"M646 125C629 125 613 133 604 142L308 442C296 454 292 471 292 487 292 504 296 521 308 533L604 854C617 867 629 875 646 875 663 875 679 871 692 858 704 846 713 829 713 812 713 796 708 779 692 767L438 487 692 225C700 217 708 204 708 187 708 171 704 154 692 142 675 129 663 125 646 125Z\"><\/path><\/svg>\t\t\t\t\t\t<\/div>\n\t\t\t\t\t\t<div class=\"elementor-swiper-button elementor-swiper-button-next\" role=\"button\" tabindex=\"0\" aria-label=\"Suivant\">\n\t\t\t\t\t\t\t<svg aria-hidden=\"true\" class=\"e-font-icon-svg e-eicon-chevron-right\" viewBox=\"0 0 1000 1000\" xmlns=\"http:\/\/www.w3.org\/2000\/svg\"><path d=\"M696 533C708 521 713 504 713 487 713 471 708 454 696 446L400 146C388 133 375 125 354 125 338 125 325 129 313 142 300 154 292 171 292 187 292 204 296 221 308 233L563 492 304 771C292 783 288 800 288 817 288 833 296 850 308 863 321 871 338 875 354 875 371 875 388 867 400 854L696 533Z\"><\/path><\/svg>\t\t\t\t\t\t<\/div>\n\t\t\t\t\t\t\t\t\t\t\t\t\t\t\t\t<div class=\"swiper-pagination\"><\/div>\n\t\t\t\t\t\t\t\t\t\t\t\t<\/div>\n\t\t\t\t<\/div>\n\t\t\t\t\t\t\t\t<\/div>\n\t\t\t\t<\/div>\n\t\t\t\t<\/div>\n\t\t\t\t\t<\/div>\n\t\t\t\t<\/div>\n\t\t\t\t<\/div>\n\t\t","protected":false},"excerpt":{"rendered":"<p>St Nicholas Nick Salut, moi c\u2019est\u00a0St Nicholas Nick ! Je ne viens pas seulement avec des cadeaux, mais aussi avec des petits moments de bonheur sous la forme de d\u00e9licieux chocolats belges. Mes Lucky Pops sont id\u00e9ales pour trouver dans votre chaussure ou pour partager avec celui ou celle qui a \u00e9t\u00e9 super courageux cette [&hellip;]<\/p>\n","protected":false},"author":6,"featured_media":0,"parent":0,"menu_order":0,"comment_status":"closed","ping_status":"closed","template":"","meta":{"_acf_changed":false,"footnotes":""},"class_list":["post-868","page","type-page","status-publish","hentry"],"acf":[],"yoast_head":"<!-- This site is optimized with the Yoast SEO plugin v27.0 - https:\/\/yoast.com\/product\/yoast-seo-wordpress\/ -->\n<title>Saint Nicholas<\/title>\n<meta name=\"robots\" content=\"index, follow, max-snippet:-1, max-image-preview:large, max-video-preview:-1\" \/>\n<link rel=\"canonical\" href=\"https:\/\/luckypops.com\/fr\/saint-nicholas\/\" \/>\n<meta property=\"og:locale\" content=\"fr_FR\" \/>\n<meta property=\"og:type\" content=\"article\" \/>\n<meta property=\"og:title\" content=\"Saint Nicholas\" \/>\n<meta property=\"og:description\" content=\"St Nicholas Nick Salut, moi c\u2019est\u00a0St Nicholas Nick ! Je ne viens pas seulement avec des cadeaux, mais aussi avec des petits moments de bonheur sous la forme de d\u00e9licieux chocolats belges. Mes Lucky Pops sont id\u00e9ales pour trouver dans votre chaussure ou pour partager avec celui ou celle qui a \u00e9t\u00e9 super courageux cette [&hellip;]\" \/>\n<meta property=\"og:url\" content=\"https:\/\/luckypops.com\/fr\/saint-nicholas\/\" \/>\n<meta property=\"og:site_name\" content=\"Lucky Pops\" \/>\n<meta property=\"article:modified_time\" content=\"2025-10-02T14:37:31+00:00\" \/>\n<meta property=\"og:image\" content=\"https:\/\/luckypops.com\/wp-content\/uploads\/2025\/08\/LP_Sint_display.png\" \/>\n\t<meta property=\"og:image:width\" content=\"500\" \/>\n\t<meta property=\"og:image:height\" content=\"500\" \/>\n\t<meta property=\"og:image:type\" content=\"image\/png\" \/>\n<meta name=\"twitter:card\" content=\"summary_large_image\" \/>\n<meta name=\"twitter:label1\" content=\"Dur\u00e9e de lecture estim\u00e9e\" \/>\n\t<meta name=\"twitter:data1\" content=\"2 minutes\" \/>\n<script type=\"application\/ld+json\" class=\"yoast-schema-graph\">{\"@context\":\"https:\/\/schema.org\",\"@graph\":[{\"@type\":\"WebPage\",\"@id\":\"https:\/\/luckypops.com\/fr\/saint-nicholas\/\",\"url\":\"https:\/\/luckypops.com\/fr\/saint-nicholas\/\",\"name\":\"Saint Nicholas\",\"isPartOf\":{\"@id\":\"https:\/\/luckypops-com.apache34.websrv.be\/#website\"},\"primaryImageOfPage\":{\"@id\":\"https:\/\/luckypops.com\/fr\/saint-nicholas\/#primaryimage\"},\"image\":{\"@id\":\"https:\/\/luckypops.com\/fr\/saint-nicholas\/#primaryimage\"},\"thumbnailUrl\":\"https:\/\/luckypops.com\/wp-content\/uploads\/2025\/08\/LP_Sint_display.png\",\"datePublished\":\"2025-08-21T07:50:16+00:00\",\"dateModified\":\"2025-10-02T14:37:31+00:00\",\"breadcrumb\":{\"@id\":\"https:\/\/luckypops.com\/fr\/saint-nicholas\/#breadcrumb\"},\"inLanguage\":\"fr-FR\",\"potentialAction\":[{\"@type\":\"ReadAction\",\"target\":[\"https:\/\/luckypops.com\/fr\/saint-nicholas\/\"]}]},{\"@type\":\"ImageObject\",\"inLanguage\":\"fr-FR\",\"@id\":\"https:\/\/luckypops.com\/fr\/saint-nicholas\/#primaryimage\",\"url\":\"https:\/\/luckypops.com\/wp-content\/uploads\/2025\/08\/LP_Sint_display.png\",\"contentUrl\":\"https:\/\/luckypops.com\/wp-content\/uploads\/2025\/08\/LP_Sint_display.png\"},{\"@type\":\"BreadcrumbList\",\"@id\":\"https:\/\/luckypops.com\/fr\/saint-nicholas\/#breadcrumb\",\"itemListElement\":[{\"@type\":\"ListItem\",\"position\":1,\"name\":\"Home\",\"item\":\"https:\/\/luckypops.com\/fr\/\"},{\"@type\":\"ListItem\",\"position\":2,\"name\":\"Produit &#8211; Saint-Nicholas\"}]},{\"@type\":\"WebSite\",\"@id\":\"https:\/\/luckypops-com.apache34.websrv.be\/#website\",\"url\":\"https:\/\/luckypops-com.apache34.websrv.be\/\",\"name\":\"Lucky Pops\",\"description\":\"\",\"publisher\":{\"@id\":\"https:\/\/luckypops-com.apache34.websrv.be\/#organization\"},\"potentialAction\":[{\"@type\":\"SearchAction\",\"target\":{\"@type\":\"EntryPoint\",\"urlTemplate\":\"https:\/\/luckypops-com.apache34.websrv.be\/?s={search_term_string}\"},\"query-input\":{\"@type\":\"PropertyValueSpecification\",\"valueRequired\":true,\"valueName\":\"search_term_string\"}}],\"inLanguage\":\"fr-FR\"},{\"@type\":\"Organization\",\"@id\":\"https:\/\/luckypops-com.apache34.websrv.be\/#organization\",\"name\":\"Lucky Pops\",\"url\":\"https:\/\/luckypops-com.apache34.websrv.be\/\",\"logo\":{\"@type\":\"ImageObject\",\"inLanguage\":\"fr-FR\",\"@id\":\"https:\/\/luckypops-com.apache34.websrv.be\/#\/schema\/logo\/image\/\",\"url\":\"https:\/\/luckypops.com\/wp-content\/uploads\/2024\/11\/LuckyPopsLogo.png\",\"contentUrl\":\"https:\/\/luckypops.com\/wp-content\/uploads\/2024\/11\/LuckyPopsLogo.png\",\"width\":2418,\"height\":1833,\"caption\":\"Lucky Pops\"},\"image\":{\"@id\":\"https:\/\/luckypops-com.apache34.websrv.be\/#\/schema\/logo\/image\/\"}}]}<\/script>\n<!-- \/ Yoast SEO plugin. -->","yoast_head_json":{"title":"Saint Nicholas","robots":{"index":"index","follow":"follow","max-snippet":"max-snippet:-1","max-image-preview":"max-image-preview:large","max-video-preview":"max-video-preview:-1"},"canonical":"https:\/\/luckypops.com\/fr\/saint-nicholas\/","og_locale":"fr_FR","og_type":"article","og_title":"Saint Nicholas","og_description":"St Nicholas Nick Salut, moi c\u2019est\u00a0St Nicholas Nick ! Je ne viens pas seulement avec des cadeaux, mais aussi avec des petits moments de bonheur sous la forme de d\u00e9licieux chocolats belges. Mes Lucky Pops sont id\u00e9ales pour trouver dans votre chaussure ou pour partager avec celui ou celle qui a \u00e9t\u00e9 super courageux cette [&hellip;]","og_url":"https:\/\/luckypops.com\/fr\/saint-nicholas\/","og_site_name":"Lucky Pops","article_modified_time":"2025-10-02T14:37:31+00:00","og_image":[{"width":500,"height":500,"url":"https:\/\/luckypops.com\/wp-content\/uploads\/2025\/08\/LP_Sint_display.png","type":"image\/png"}],"twitter_card":"summary_large_image","twitter_misc":{"Dur\u00e9e de lecture estim\u00e9e":"2 minutes"},"schema":{"@context":"https:\/\/schema.org","@graph":[{"@type":"WebPage","@id":"https:\/\/luckypops.com\/fr\/saint-nicholas\/","url":"https:\/\/luckypops.com\/fr\/saint-nicholas\/","name":"Saint Nicholas","isPartOf":{"@id":"https:\/\/luckypops-com.apache34.websrv.be\/#website"},"primaryImageOfPage":{"@id":"https:\/\/luckypops.com\/fr\/saint-nicholas\/#primaryimage"},"image":{"@id":"https:\/\/luckypops.com\/fr\/saint-nicholas\/#primaryimage"},"thumbnailUrl":"https:\/\/luckypops.com\/wp-content\/uploads\/2025\/08\/LP_Sint_display.png","datePublished":"2025-08-21T07:50:16+00:00","dateModified":"2025-10-02T14:37:31+00:00","breadcrumb":{"@id":"https:\/\/luckypops.com\/fr\/saint-nicholas\/#breadcrumb"},"inLanguage":"fr-FR","potentialAction":[{"@type":"ReadAction","target":["https:\/\/luckypops.com\/fr\/saint-nicholas\/"]}]},{"@type":"ImageObject","inLanguage":"fr-FR","@id":"https:\/\/luckypops.com\/fr\/saint-nicholas\/#primaryimage","url":"https:\/\/luckypops.com\/wp-content\/uploads\/2025\/08\/LP_Sint_display.png","contentUrl":"https:\/\/luckypops.com\/wp-content\/uploads\/2025\/08\/LP_Sint_display.png"},{"@type":"BreadcrumbList","@id":"https:\/\/luckypops.com\/fr\/saint-nicholas\/#breadcrumb","itemListElement":[{"@type":"ListItem","position":1,"name":"Home","item":"https:\/\/luckypops.com\/fr\/"},{"@type":"ListItem","position":2,"name":"Produit &#8211; Saint-Nicholas"}]},{"@type":"WebSite","@id":"https:\/\/luckypops-com.apache34.websrv.be\/#website","url":"https:\/\/luckypops-com.apache34.websrv.be\/","name":"Lucky Pops","description":"","publisher":{"@id":"https:\/\/luckypops-com.apache34.websrv.be\/#organization"},"potentialAction":[{"@type":"SearchAction","target":{"@type":"EntryPoint","urlTemplate":"https:\/\/luckypops-com.apache34.websrv.be\/?s={search_term_string}"},"query-input":{"@type":"PropertyValueSpecification","valueRequired":true,"valueName":"search_term_string"}}],"inLanguage":"fr-FR"},{"@type":"Organization","@id":"https:\/\/luckypops-com.apache34.websrv.be\/#organization","name":"Lucky Pops","url":"https:\/\/luckypops-com.apache34.websrv.be\/","logo":{"@type":"ImageObject","inLanguage":"fr-FR","@id":"https:\/\/luckypops-com.apache34.websrv.be\/#\/schema\/logo\/image\/","url":"https:\/\/luckypops.com\/wp-content\/uploads\/2024\/11\/LuckyPopsLogo.png","contentUrl":"https:\/\/luckypops.com\/wp-content\/uploads\/2024\/11\/LuckyPopsLogo.png","width":2418,"height":1833,"caption":"Lucky Pops"},"image":{"@id":"https:\/\/luckypops-com.apache34.websrv.be\/#\/schema\/logo\/image\/"}}]}},"_links":{"self":[{"href":"https:\/\/luckypops.com\/fr\/wp-json\/wp\/v2\/pages\/868","targetHints":{"allow":["GET"]}}],"collection":[{"href":"https:\/\/luckypops.com\/fr\/wp-json\/wp\/v2\/pages"}],"about":[{"href":"https:\/\/luckypops.com\/fr\/wp-json\/wp\/v2\/types\/page"}],"author":[{"embeddable":true,"href":"https:\/\/luckypops.com\/fr\/wp-json\/wp\/v2\/users\/6"}],"replies":[{"embeddable":true,"href":"https:\/\/luckypops.com\/fr\/wp-json\/wp\/v2\/comments?post=868"}],"version-history":[{"count":20,"href":"https:\/\/luckypops.com\/fr\/wp-json\/wp\/v2\/pages\/868\/revisions"}],"predecessor-version":[{"id":1919,"href":"https:\/\/luckypops.com\/fr\/wp-json\/wp\/v2\/pages\/868\/revisions\/1919"}],"wp:attachment":[{"href":"https:\/\/luckypops.com\/fr\/wp-json\/wp\/v2\/media?parent=868"}],"curies":[{"name":"wp","href":"https:\/\/api.w.org\/{rel}","templated":true}]}}